{"id":411,"date":"2025-12-01T09:48:09","date_gmt":"2025-12-01T09:48:09","guid":{"rendered":"https:\/\/break.itsparer.de\/?page_id=411"},"modified":"2025-12-01T09:48:09","modified_gmt":"2025-12-01T09:48:09","slug":"readyncustomapps","status":"publish","type":"page","link":"https:\/\/itsparer.de\/de\/readyncustomapps\/","title":{"rendered":"readyncustomapps"},"content":{"rendered":"<section class=\"bde-section-411-100 bde-section\">\n  \n  \n\t\n\n\n\n<div class=\"section-container\"><h5 class=\"bde-heading-411-101 bde-heading\">\nSt\u00e4rken Sie Ihr Unternehmen mit unseren umfassenden Anwendungsl\u00f6sungen, die auf Ihre individuellen Bed\u00fcrfnisse zugeschnitten oder sofort einsatzbereit sind. Wir bieten ma\u00dfgeschneiderte Anwendungsentwicklung: Wir entwerfen, erstellen und unterst\u00fctzen Software, die speziell auf Ihre Anforderungen zugeschnitten ist und eine nahtlose Integration in Ihre Arbeitsabl\u00e4ufe und maximale betriebliche Effizienz gew\u00e4hrleistet. F\u00fcr eine schnellere Implementierung w\u00e4hlen Sie aus unserem Angebot an vorgefertigten, in der Cloud gehosteten Anwendungen, darunter Arztpraxismanagement, CRM, Taxibuchung und Flottenmanagement, Inventar- und POS-Systeme. Ganz gleich, ob Sie eine ma\u00dfgeschneiderte L\u00f6sung oder eine bew\u00e4hrte, branchen\u00fcbliche Plattform ben\u00f6tigen, unsere Dienstleistungen helfen Ihnen, Ihre Abl\u00e4ufe zu rationalisieren, die Produktivit\u00e4t zu steigern und mit Zuversicht zu skalieren.\n<\/h5><div class=\"bde-wooproductslist-411-102 bde-wooproductslist breakdance-woocommerce\"><div class=\"breakdance-swiper-wrapper\" data-swiper-id=\"102\"><div class=\"woocommerce swiper\"><ul class=\"products\">\n<li class=\"product type-product post-5463 status-publish first instock product_cat-readyncustomapps has-post-thumbnail virtual taxable purchasable product-type-simple\" >\n\t<a href=\"https:\/\/itsparer.de\/de\/produkt\/custom-ai-agent-programming\/\" class=\"woocommerce-LoopProduct-link woocommerce-loop-product__link\"><div class=\"bde-woo-product-image\"><img loading=\"lazy\" decoding=\"async\" width=\"300\" height=\"300\" src=\"https:\/\/itsparer.de\/wp-content\/uploads\/2026\/04\/custom-ai-300x300.png\" class=\"attachment-woocommerce_thumbnail size-woocommerce_thumbnail\" alt=\"Kundenspezifische AI-Agent-Programmierung\" srcset=\"https:\/\/itsparer.de\/wp-content\/uploads\/2026\/04\/custom-ai-300x300.png 300w, https:\/\/itsparer.de\/wp-content\/uploads\/2026\/04\/custom-ai-150x150.png 150w, https:\/\/itsparer.de\/wp-content\/uploads\/2026\/04\/custom-ai-768x768.png 768w, https:\/\/itsparer.de\/wp-content\/uploads\/2026\/04\/custom-ai-12x12.png 12w, https:\/\/itsparer.de\/wp-content\/uploads\/2026\/04\/custom-ai-600x600.png 600w, https:\/\/itsparer.de\/wp-content\/uploads\/2026\/04\/custom-ai.png 1024w\" sizes=\"auto, (max-width: 300px) 100vw, 300px\" \/><\/div><h2 class=\"woocommerce-loop-product__title\">Kundenspezifische AI-Agent-Programmierung<\/h2>\n\t<span class=\"price\"><span class=\"woocommerce-Price-amount amount\"><bdi>100,00&nbsp;<span class=\"woocommerce-Price-currencySymbol\">\u20ac<\/span><\/bdi><\/span><\/span>\n\n\n\n<\/a>\n\t<p class=\"wc-gzd-additional-info wc-gzd-additional-info-loop tax-info\">exkl. 19 % MwSt.<\/p>\n\n\n\n<div class=\"bde-woo-product-footer\"><a href=\"\/de\/wp-json\/wp\/v2\/pages\/411?add-to-cart=5463\" aria-describedby=\"woocommerce_loop_add_to_cart_link_describedby_5463\" data-quantity=\"1\" class=\"button product_type_simple add_to_cart_button ajax_add_to_cart\" data-product_id=\"5463\" data-product_sku=\"\" aria-label=\"In den Warenkorb legen: \u201eCustom AI Agent Programming\u201c\" rel=\"nofollow\" data-success_message=\"\u201eCustom AI Agent Programming\u201c wurde deinem Warenkorb hinzugef\u00fcgt\" role=\"button\" data-no-translation=\"\" data-trp-gettext=\"\" data-no-translation-aria-label=\"\" data-no-translation-data-success_message=\"\">In den Warenkorb<\/a>\t<span id=\"woocommerce_loop_add_to_cart_link_describedby_5463\" class=\"screen-reader-text\">\n\t\t\t<\/span>\n<\/div><\/li>\n<li class=\"product type-product post-436 status-publish instock product_cat-it-infra has-post-thumbnail taxable shipping-taxable purchasable product-type-variable has-default-attributes\" >\n\t<a href=\"https:\/\/itsparer.de\/de\/produkt\/tenant-to-tenant-migration\/\" class=\"woocommerce-LoopProduct-link woocommerce-loop-product__link\"><div class=\"bde-woo-product-image\"><img loading=\"lazy\" decoding=\"async\" width=\"300\" height=\"300\" src=\"https:\/\/itsparer.de\/wp-content\/uploads\/2026\/04\/tenant2tenant-300x300.png\" class=\"attachment-woocommerce_thumbnail size-woocommerce_thumbnail\" alt=\"Migration von Mieter zu Mieter\" srcset=\"https:\/\/itsparer.de\/wp-content\/uploads\/2026\/04\/tenant2tenant-300x300.png 300w, https:\/\/itsparer.de\/wp-content\/uploads\/2026\/04\/tenant2tenant-150x150.png 150w, https:\/\/itsparer.de\/wp-content\/uploads\/2026\/04\/tenant2tenant-768x768.png 768w, https:\/\/itsparer.de\/wp-content\/uploads\/2026\/04\/tenant2tenant-12x12.png 12w, https:\/\/itsparer.de\/wp-content\/uploads\/2026\/04\/tenant2tenant-600x600.png 600w, https:\/\/itsparer.de\/wp-content\/uploads\/2026\/04\/tenant2tenant.png 1024w\" sizes=\"auto, (max-width: 300px) 100vw, 300px\" \/><\/div><h2 class=\"woocommerce-loop-product__title\">Migration von Mieter zu Mieter<\/h2>\n\t<span class=\"price\"><span class=\"woocommerce-Price-amount amount\"><bdi>60,00&nbsp;<span class=\"woocommerce-Price-currencySymbol\">\u20ac<\/span><\/bdi><\/span> \u2013 <span class=\"woocommerce-Price-amount amount\"><bdi>100,00&nbsp;<span class=\"woocommerce-Price-currencySymbol\">\u20ac<\/span><\/bdi><\/span><\/span>\n\n\n\n<\/a>\n\t<p class=\"wc-gzd-additional-info wc-gzd-additional-info-loop tax-info\">exkl. MwSt.<\/p>\n\n\t<p class=\"wc-gzd-additional-info wc-gzd-additional-info-loop shipping-costs-info\">plus <a href=\"https:\/\/itsparer.de\/de\/shipping-methods\/\" target=\"_blank\">Kosten f\u00fcr den Versand<\/a><\/p>\n\n\n<div class=\"bde-woo-product-footer\"><a href=\"https:\/\/itsparer.de\/de\/produkt\/tenant-to-tenant-migration\/\" aria-describedby=\"woocommerce_loop_add_to_cart_link_describedby_436\" data-quantity=\"1\" class=\"button product_type_variable add_to_cart_button\" data-product_id=\"436\" data-product_sku=\"\" aria-label=\"W\u00e4hle Optionen f\u00fcr \u201eTenant to Tenant Migration\u201c\" rel=\"nofollow\" data-no-translation=\"\" data-trp-gettext=\"\" data-no-translation-aria-label=\"\">Ausf\u00fchrung w\u00e4hlen<\/a>\t<span id=\"woocommerce_loop_add_to_cart_link_describedby_436\" class=\"screen-reader-text\">\n\t\tDieses Produkt weist mehrere Varianten auf. Die Optionen k\u00f6nnen auf der Produktseite gew\u00e4hlt werden\t<\/span>\n<\/div><\/li>\n<li class=\"product type-product post-5044 status-publish instock product_cat-dataesim has-post-thumbnail virtual taxable purchasable product-type-simple\" >\n\t<a href=\"https:\/\/itsparer.de\/de\/produkt\/zambia-5gb-30days\/\" class=\"woocommerce-LoopProduct-link woocommerce-loop-product__link\"><div class=\"bde-woo-product-image\"><img loading=\"lazy\" decoding=\"async\" width=\"300\" height=\"300\" src=\"https:\/\/itsparer.de\/wp-content\/uploads\/2026\/02\/zm-300x300.png\" class=\"attachment-woocommerce_thumbnail size-woocommerce_thumbnail\" alt=\"Sambia 5GB 30Tage\" srcset=\"https:\/\/itsparer.de\/wp-content\/uploads\/2026\/02\/zm-300x300.png 300w, https:\/\/itsparer.de\/wp-content\/uploads\/2026\/02\/zm-1024x1024.png 1024w, https:\/\/itsparer.de\/wp-content\/uploads\/2026\/02\/zm-150x150.png 150w, https:\/\/itsparer.de\/wp-content\/uploads\/2026\/02\/zm-768x768.png 768w, https:\/\/itsparer.de\/wp-content\/uploads\/2026\/02\/zm-1536x1536.png 1536w, https:\/\/itsparer.de\/wp-content\/uploads\/2026\/02\/zm-12x12.png 12w, https:\/\/itsparer.de\/wp-content\/uploads\/2026\/02\/zm-600x600.png 600w, https:\/\/itsparer.de\/wp-content\/uploads\/2026\/02\/zm.png 1600w\" sizes=\"auto, (max-width: 300px) 100vw, 300px\" \/><\/div><h2 class=\"woocommerce-loop-product__title\">Sambia 5GB 30Tage<\/h2>\n\t<span class=\"price\"><span class=\"woocommerce-Price-amount amount\"><bdi>34,20&nbsp;<span class=\"woocommerce-Price-currencySymbol\">\u20ac<\/span><\/bdi><\/span><\/span>\n\n\n\n<\/a>\n\t<p class=\"wc-gzd-additional-info wc-gzd-additional-info-loop tax-info\">exkl. 19 % MwSt.<\/p>\n\n\n\n<div class=\"bde-woo-product-footer\"><a href=\"\/de\/wp-json\/wp\/v2\/pages\/411?add-to-cart=5044\" aria-describedby=\"woocommerce_loop_add_to_cart_link_describedby_5044\" data-quantity=\"1\" class=\"button product_type_simple add_to_cart_button ajax_add_to_cart\" data-product_id=\"5044\" data-product_sku=\"CKH451\" aria-label=\"In den Warenkorb legen: \u201eZambia 5GB 30Days\u201c\" rel=\"nofollow\" data-success_message=\"\u201eZambia 5GB 30Days\u201c wurde deinem Warenkorb hinzugef\u00fcgt\" role=\"button\" data-no-translation=\"\" data-trp-gettext=\"\" data-no-translation-aria-label=\"\" data-no-translation-data-success_message=\"\">In den Warenkorb<\/a>\t<span id=\"woocommerce_loop_add_to_cart_link_describedby_5044\" class=\"screen-reader-text\">\n\t\t\t<\/span>\n<\/div><\/li>\n<li class=\"product type-product post-5043 status-publish last instock product_cat-dataesim has-post-thumbnail virtual taxable purchasable product-type-simple\" >\n\t<a href=\"https:\/\/itsparer.de\/de\/produkt\/zambia-3gb-15days\/\" class=\"woocommerce-LoopProduct-link woocommerce-loop-product__link\"><div class=\"bde-woo-product-image\"><img loading=\"lazy\" decoding=\"async\" width=\"300\" height=\"300\" src=\"https:\/\/itsparer.de\/wp-content\/uploads\/2026\/02\/zm-300x300.png\" class=\"attachment-woocommerce_thumbnail size-woocommerce_thumbnail\" alt=\"Sambia 3GB 15Tage\" srcset=\"https:\/\/itsparer.de\/wp-content\/uploads\/2026\/02\/zm-300x300.png 300w, https:\/\/itsparer.de\/wp-content\/uploads\/2026\/02\/zm-1024x1024.png 1024w, https:\/\/itsparer.de\/wp-content\/uploads\/2026\/02\/zm-150x150.png 150w, https:\/\/itsparer.de\/wp-content\/uploads\/2026\/02\/zm-768x768.png 768w, https:\/\/itsparer.de\/wp-content\/uploads\/2026\/02\/zm-1536x1536.png 1536w, https:\/\/itsparer.de\/wp-content\/uploads\/2026\/02\/zm-12x12.png 12w, https:\/\/itsparer.de\/wp-content\/uploads\/2026\/02\/zm-600x600.png 600w, https:\/\/itsparer.de\/wp-content\/uploads\/2026\/02\/zm.png 1600w\" sizes=\"auto, (max-width: 300px) 100vw, 300px\" \/><\/div><h2 class=\"woocommerce-loop-product__title\">Sambia 3GB 15Tage<\/h2>\n\t<span class=\"price\"><span class=\"woocommerce-Price-amount amount\"><bdi>22,40&nbsp;<span class=\"woocommerce-Price-currencySymbol\">\u20ac<\/span><\/bdi><\/span><\/span>\n\n\n\n<\/a>\n\t<p class=\"wc-gzd-additional-info wc-gzd-additional-info-loop tax-info\">exkl. 19 % MwSt.<\/p>\n\n\n\n<div class=\"bde-woo-product-footer\"><a href=\"\/de\/wp-json\/wp\/v2\/pages\/411?add-to-cart=5043\" aria-describedby=\"woocommerce_loop_add_to_cart_link_describedby_5043\" data-quantity=\"1\" class=\"button product_type_simple add_to_cart_button ajax_add_to_cart\" data-product_id=\"5043\" data-product_sku=\"CKH422\" aria-label=\"In den Warenkorb legen: \u201eZambia 3GB 15Days\u201c\" rel=\"nofollow\" data-success_message=\"\u201eZambia 3GB 15Days\u201c wurde deinem Warenkorb hinzugef\u00fcgt\" role=\"button\" data-no-translation=\"\" data-trp-gettext=\"\" data-no-translation-aria-label=\"\" data-no-translation-data-success_message=\"\">In den Warenkorb<\/a>\t<span id=\"woocommerce_loop_add_to_cart_link_describedby_5043\" class=\"screen-reader-text\">\n\t\t\t<\/span>\n<\/div><\/li>\n<li class=\"product type-product post-5042 status-publish first instock product_cat-dataesim has-post-thumbnail virtual taxable purchasable product-type-simple\" >\n\t<a href=\"https:\/\/itsparer.de\/de\/produkt\/zambia-1gb-7days\/\" class=\"woocommerce-LoopProduct-link woocommerce-loop-product__link\"><div class=\"bde-woo-product-image\"><img loading=\"lazy\" decoding=\"async\" width=\"300\" height=\"300\" src=\"https:\/\/itsparer.de\/wp-content\/uploads\/2026\/02\/zm-300x300.png\" class=\"attachment-woocommerce_thumbnail size-woocommerce_thumbnail\" alt=\"Sambia 1GB 7Tage\" srcset=\"https:\/\/itsparer.de\/wp-content\/uploads\/2026\/02\/zm-300x300.png 300w, https:\/\/itsparer.de\/wp-content\/uploads\/2026\/02\/zm-1024x1024.png 1024w, https:\/\/itsparer.de\/wp-content\/uploads\/2026\/02\/zm-150x150.png 150w, https:\/\/itsparer.de\/wp-content\/uploads\/2026\/02\/zm-768x768.png 768w, https:\/\/itsparer.de\/wp-content\/uploads\/2026\/02\/zm-1536x1536.png 1536w, https:\/\/itsparer.de\/wp-content\/uploads\/2026\/02\/zm-12x12.png 12w, https:\/\/itsparer.de\/wp-content\/uploads\/2026\/02\/zm-600x600.png 600w, https:\/\/itsparer.de\/wp-content\/uploads\/2026\/02\/zm.png 1600w\" sizes=\"auto, (max-width: 300px) 100vw, 300px\" \/><\/div><h2 class=\"woocommerce-loop-product__title\">Sambia 1GB 7Tage<\/h2>\n\t<span class=\"price\"><span class=\"woocommerce-Price-amount amount\"><bdi>9,20&nbsp;<span class=\"woocommerce-Price-currencySymbol\">\u20ac<\/span><\/bdi><\/span><\/span>\n\n\n\n<\/a>\n\t<p class=\"wc-gzd-additional-info wc-gzd-additional-info-loop tax-info\">exkl. 19 % MwSt.<\/p>\n\n\n\n<div class=\"bde-woo-product-footer\"><a href=\"\/de\/wp-json\/wp\/v2\/pages\/411?add-to-cart=5042\" aria-describedby=\"woocommerce_loop_add_to_cart_link_describedby_5042\" data-quantity=\"1\" class=\"button product_type_simple add_to_cart_button ajax_add_to_cart\" data-product_id=\"5042\" data-product_sku=\"CKH393\" aria-label=\"In den Warenkorb legen: \u201eZambia 1GB 7Days\u201c\" rel=\"nofollow\" data-success_message=\"\u201eZambia 1GB 7Days\u201c wurde deinem Warenkorb hinzugef\u00fcgt\" role=\"button\" data-no-translation=\"\" data-trp-gettext=\"\" data-no-translation-aria-label=\"\" data-no-translation-data-success_message=\"\">In den Warenkorb<\/a>\t<span id=\"woocommerce_loop_add_to_cart_link_describedby_5042\" class=\"screen-reader-text\">\n\t\t\t<\/span>\n<\/div><\/li>\n<li class=\"product type-product post-5041 status-publish instock product_cat-dataesim has-post-thumbnail virtual taxable purchasable product-type-simple\" >\n\t<a href=\"https:\/\/itsparer.de\/de\/produkt\/vietnam-5gb-30days-nonhkip\/\" class=\"woocommerce-LoopProduct-link woocommerce-loop-product__link\"><div class=\"bde-woo-product-image\"><img loading=\"lazy\" decoding=\"async\" width=\"185\" height=\"185\" src=\"https:\/\/itsparer.de\/wp-content\/uploads\/2026\/02\/vn.png\" class=\"attachment-woocommerce_thumbnail size-woocommerce_thumbnail\" alt=\"Vietnam 5GB 30Tage (nonhkip)\" srcset=\"https:\/\/itsparer.de\/wp-content\/uploads\/2026\/02\/vn.png 185w, https:\/\/itsparer.de\/wp-content\/uploads\/2026\/02\/vn-150x150.png 150w, https:\/\/itsparer.de\/wp-content\/uploads\/2026\/02\/vn-12x12.png 12w\" sizes=\"auto, (max-width: 185px) 100vw, 185px\" \/><\/div><h2 class=\"woocommerce-loop-product__title\">Vietnam 5GB 30Tage (nonhkip)<\/h2>\n\t<span class=\"price\"><span class=\"woocommerce-Price-amount amount\"><bdi>12,32&nbsp;<span class=\"woocommerce-Price-currencySymbol\">\u20ac<\/span><\/bdi><\/span><\/span>\n\n\n\n<\/a>\n\t<p class=\"wc-gzd-additional-info wc-gzd-additional-info-loop tax-info\">exkl. 19 % MwSt.<\/p>\n\n\n\n<div class=\"bde-woo-product-footer\"><a href=\"\/de\/wp-json\/wp\/v2\/pages\/411?add-to-cart=5041\" aria-describedby=\"woocommerce_loop_add_to_cart_link_describedby_5041\" data-quantity=\"1\" class=\"button product_type_simple add_to_cart_button ajax_add_to_cart\" data-product_id=\"5041\" data-product_sku=\"PEB708QBF\" aria-label=\"In den Warenkorb legen: \u201eVietnam 5GB 30Days (nonhkip)\u201c\" rel=\"nofollow\" data-success_message=\"\u201eVietnam 5GB 30Days (nonhkip)\u201c wurde deinem Warenkorb hinzugef\u00fcgt\" role=\"button\" data-no-translation=\"\" data-trp-gettext=\"\" data-no-translation-aria-label=\"\" data-no-translation-data-success_message=\"\">In den Warenkorb<\/a>\t<span id=\"woocommerce_loop_add_to_cart_link_describedby_5041\" class=\"screen-reader-text\">\n\t\t\t<\/span>\n<\/div><\/li>\n<li class=\"product type-product post-5040 status-publish instock product_cat-dataesim has-post-thumbnail virtual taxable purchasable product-type-simple\" >\n\t<a href=\"https:\/\/itsparer.de\/de\/produkt\/vietnam-5gb-30days\/\" class=\"woocommerce-LoopProduct-link woocommerce-loop-product__link\"><div class=\"bde-woo-product-image\"><img loading=\"lazy\" decoding=\"async\" width=\"185\" height=\"185\" src=\"https:\/\/itsparer.de\/wp-content\/uploads\/2026\/02\/vn.png\" class=\"attachment-woocommerce_thumbnail size-woocommerce_thumbnail\" alt=\"Vietnam 5GB 30Days\" srcset=\"https:\/\/itsparer.de\/wp-content\/uploads\/2026\/02\/vn.png 185w, https:\/\/itsparer.de\/wp-content\/uploads\/2026\/02\/vn-150x150.png 150w, https:\/\/itsparer.de\/wp-content\/uploads\/2026\/02\/vn-12x12.png 12w\" sizes=\"auto, (max-width: 185px) 100vw, 185px\" \/><\/div><h2 class=\"woocommerce-loop-product__title\">Vietnam 5GB 30Days<\/h2>\n\t<span class=\"price\"><span class=\"woocommerce-Price-amount amount\"><bdi>14,00&nbsp;<span class=\"woocommerce-Price-currencySymbol\">\u20ac<\/span><\/bdi><\/span><\/span>\n\n\n\n<\/a>\n\t<p class=\"wc-gzd-additional-info wc-gzd-additional-info-loop tax-info\">exkl. 19 % MwSt.<\/p>\n\n\n\n<div class=\"bde-woo-product-footer\"><a href=\"\/de\/wp-json\/wp\/v2\/pages\/411?add-to-cart=5040\" aria-describedby=\"woocommerce_loop_add_to_cart_link_describedby_5040\" data-quantity=\"1\" class=\"button product_type_simple add_to_cart_button ajax_add_to_cart\" data-product_id=\"5040\" data-product_sku=\"JC050\" aria-label=\"In den Warenkorb legen: \u201eVietnam 5GB 30Days\u201c\" rel=\"nofollow\" data-success_message=\"\u201eVietnam 5GB 30Days\u201c wurde deinem Warenkorb hinzugef\u00fcgt\" role=\"button\" data-no-translation=\"\" data-trp-gettext=\"\" data-no-translation-aria-label=\"\" data-no-translation-data-success_message=\"\">In den Warenkorb<\/a>\t<span id=\"woocommerce_loop_add_to_cart_link_describedby_5040\" class=\"screen-reader-text\">\n\t\t\t<\/span>\n<\/div><\/li>\n<li class=\"product type-product post-5039 status-publish last instock product_cat-dataesim has-post-thumbnail virtual taxable purchasable product-type-simple\" >\n\t<a href=\"https:\/\/itsparer.de\/de\/produkt\/vietnam-50gb-180days\/\" class=\"woocommerce-LoopProduct-link woocommerce-loop-product__link\"><div class=\"bde-woo-product-image\"><img loading=\"lazy\" decoding=\"async\" width=\"185\" height=\"185\" src=\"https:\/\/itsparer.de\/wp-content\/uploads\/2026\/02\/vn.png\" class=\"attachment-woocommerce_thumbnail size-woocommerce_thumbnail\" alt=\"Vietnam 50GB 180Days\" srcset=\"https:\/\/itsparer.de\/wp-content\/uploads\/2026\/02\/vn.png 185w, https:\/\/itsparer.de\/wp-content\/uploads\/2026\/02\/vn-150x150.png 150w, https:\/\/itsparer.de\/wp-content\/uploads\/2026\/02\/vn-12x12.png 12w\" sizes=\"auto, (max-width: 185px) 100vw, 185px\" \/><\/div><h2 class=\"woocommerce-loop-product__title\">Vietnam 50GB 180Days<\/h2>\n\t<span class=\"price\"><span class=\"woocommerce-Price-amount amount\"><bdi>90,00&nbsp;<span class=\"woocommerce-Price-currencySymbol\">\u20ac<\/span><\/bdi><\/span><\/span>\n\n\n\n<\/a>\n\t<p class=\"wc-gzd-additional-info wc-gzd-additional-info-loop tax-info\">exkl. 19 % MwSt.<\/p>\n\n\n\n<div class=\"bde-woo-product-footer\"><a href=\"\/de\/wp-json\/wp\/v2\/pages\/411?add-to-cart=5039\" aria-describedby=\"woocommerce_loop_add_to_cart_link_describedby_5039\" data-quantity=\"1\" class=\"button product_type_simple add_to_cart_button ajax_add_to_cart\" data-product_id=\"5039\" data-product_sku=\"PU3OJKPFD\" aria-label=\"In den Warenkorb legen: \u201eVietnam 50GB 180Days\u201c\" rel=\"nofollow\" data-success_message=\"\u201eVietnam 50GB 180Days\u201c wurde deinem Warenkorb hinzugef\u00fcgt\" role=\"button\" data-no-translation=\"\" data-trp-gettext=\"\" data-no-translation-aria-label=\"\" data-no-translation-data-success_message=\"\">In den Warenkorb<\/a>\t<span id=\"woocommerce_loop_add_to_cart_link_describedby_5039\" class=\"screen-reader-text\">\n\t\t\t<\/span>\n<\/div><\/li>\n<\/ul>\n<\/div>\n            <div class=\"swiper-button-prev\">\n            \n        <\/div>\n        <div class=\"swiper-button-next\">\n            \n        <\/div>\n    \n            <div class=\"swiper-pagination\"><\/div>\n    \n<\/div>\r\n<\/div><\/div>\n<\/section>","protected":false},"excerpt":{"rendered":"","protected":false},"author":1,"featured_media":0,"parent":0,"menu_order":0,"comment_status":"closed","ping_status":"closed","template":"","meta":{"_acf_changed":false,"_breakdance_hide_in_design_set":false,"_breakdance_tags":"","footnotes":""},"class_list":["post-411","page","type-page","status-publish","hentry"],"acf":[],"_links":{"self":[{"href":"https:\/\/itsparer.de\/de\/wp-json\/wp\/v2\/pages\/411","targetHints":{"allow":["GET"]}}],"collection":[{"href":"https:\/\/itsparer.de\/de\/wp-json\/wp\/v2\/pages"}],"about":[{"href":"https:\/\/itsparer.de\/de\/wp-json\/wp\/v2\/types\/page"}],"author":[{"embeddable":true,"href":"https:\/\/itsparer.de\/de\/wp-json\/wp\/v2\/users\/1"}],"replies":[{"embeddable":true,"href":"https:\/\/itsparer.de\/de\/wp-json\/wp\/v2\/comments?post=411"}],"version-history":[{"count":4,"href":"https:\/\/itsparer.de\/de\/wp-json\/wp\/v2\/pages\/411\/revisions"}],"predecessor-version":[{"id":416,"href":"https:\/\/itsparer.de\/de\/wp-json\/wp\/v2\/pages\/411\/revisions\/416"}],"wp:attachment":[{"href":"https:\/\/itsparer.de\/de\/wp-json\/wp\/v2\/media?parent=411"}],"curies":[{"name":"wp","href":"https:\/\/api.w.org\/{rel}","templated":true}]}}