{"id":417,"date":"2025-12-01T09:41:26","date_gmt":"2025-12-01T09:41:26","guid":{"rendered":"https:\/\/break.itsparer.de\/?page_id=417"},"modified":"2026-04-19T08:05:36","modified_gmt":"2026-04-19T07:05:36","slug":"hosting-sparer","status":"publish","type":"page","link":"https:\/\/itsparer.de\/de\/hosting-sparer\/","title":{"rendered":"hosting"},"content":{"rendered":"<section class=\"bde-section-417-100 bde-section\">\n  \n  \n\t\n\n\n\n<div class=\"section-container\"><div class=\"bde-checkmark-list-417-121 bde-checkmark-list\">\n<ul>\n  \n              \n              \n    <li>\n      <span class='bde-checkmark-list__icon bde-checkmark-list__icon_yes  bg-yes'>\n                  <svg xmlns=\"http:\/\/www.w3.org\/2000\/svg\" viewbox=\"0 0 24 24\"><path d=\"M18.71,7.21a1,1,0,0,0-1.42,0L9.84,14.67,6.71,11.53A1,1,0,1,0,5.29,13l3.84,3.84a1,1,0,0,0,1.42,0l8.16-8.16A1,1,0,0,0,18.71,7.21Z\"\/><\/svg>\n              <\/span>\n      <div >\n        W\u00e4hlen Sie aus unseren hochleistungsf\u00e4higen, verwalteten, gehosteten Servern und Paketen, die an 9 Standorten auf der ganzen Welt verteilt sind.<br>(Europ\u00e4ische Union, Vereinigtes K\u00f6nigreich, 3 Standorte in den USA, Singapur, Indien, Japan und Australien). .\n      <\/div>\n\n    <\/li>\n\n  \n              \n              \n    <li>\n      <span class='bde-checkmark-list__icon bde-checkmark-list__icon_yes  bg-yes'>\n                  <svg xmlns=\"http:\/\/www.w3.org\/2000\/svg\" viewbox=\"0 0 24 24\"><path d=\"M18.71,7.21a1,1,0,0,0-1.42,0L9.84,14.67,6.71,11.53A1,1,0,1,0,5.29,13l3.84,3.84a1,1,0,0,0,1.42,0l8.16-8.16A1,1,0,0,0,18.71,7.21Z\"\/><\/svg>\n              <\/span>\n      <div >\n        Wir bauen Ihre vollst\u00e4ndig vernetzte Infrastruktur in unserer Cloud auf, damit Sie von einer kosteng\u00fcnstigen, hochleistungsf\u00e4higen und wartungsfreien Umgebung profitieren k\u00f6nnen.\n      <\/div>\n\n    <\/li>\n\n  \n              \n              \n    <li>\n      <span class='bde-checkmark-list__icon bde-checkmark-list__icon_yes  bg-yes'>\n                  <svg xmlns=\"http:\/\/www.w3.org\/2000\/svg\" viewbox=\"0 0 24 24\"><path d=\"M18.71,7.21a1,1,0,0,0-1.42,0L9.84,14.67,6.71,11.53A1,1,0,1,0,5.29,13l3.84,3.84a1,1,0,0,0,1.42,0l8.16-8.16A1,1,0,0,0,18.71,7.21Z\"\/><\/svg>\n              <\/span>\n      <div >\n        Take the complexity out of server management with our fully managed server solution. We handle everything\u2014from initial setup and configuration to ongoing monitoring, maintenance, and security\u2014covering web servers, email systems, VPNs, firewalls,Databases and more. Whether you lack in-house technical expertise or want to free up your IT team for higher-value work, our service ensures your infrastructure runs smoothly, securely, and efficiently at all times. With proactive monitoring, regular updates, and expert support, you can focus on growing your business while we take care of the technology behind it.\n      <\/div>\n\n    <\/li>\n\n  <\/ul>\n\n<\/div><div class=\"bde-columns-417-103 bde-columns\"><div class=\"bde-column-417-104 bde-column\">\n  \n  \n\t\n\n\n\n<div class=\"bde-image-box-417-109 bde-image-box\">\n<div class=\"ee-imagebox-image\">\n  <img loading=\"lazy\" decoding=\"async\" class=\"breakdance-image-object\" src=\"https:\/\/itsparer.de\/wp-content\/uploads\/2025\/11\/webhostcat.jpg\" width=\"1024\" height=\"1024\" srcset=\"https:\/\/itsparer.de\/wp-content\/uploads\/2025\/11\/webhostcat.jpg 1024w, https:\/\/itsparer.de\/wp-content\/uploads\/2025\/11\/webhostcat-300x300.jpg 300w, https:\/\/itsparer.de\/wp-content\/uploads\/2025\/11\/webhostcat-150x150.jpg 150w, https:\/\/itsparer.de\/wp-content\/uploads\/2025\/11\/webhostcat-768x768.jpg 768w, https:\/\/itsparer.de\/wp-content\/uploads\/2025\/11\/webhostcat-600x600.jpg 600w\" sizes=\"auto, (max-width: 1024px) 100vw, 1024px\" alt=\"Webhosting\">\n<\/div>\n<div class=\"ee-imagebox-content\">\n      <h5 class=\"ee-imagebox-title bde-h3\" >Web-Pakete<\/h5>\n    \n      <div class=\"ee-imagebox-text\" >Holen Sie sich zuverl\u00e4ssiges, funktionsreiches Webhosting mit unseren Premium- und Essential-Paketen. Beide beinhalten Plesk Panel, einen AI Web Builder, unbegrenzten Traffic, Datenbanken, E-Mails, Subdomains und eine kostenlose .com-, .net- oder .de-Domain. Premium bietet 100 GB Speicherplatz f\u00fcr gr\u00f6\u00dfere Projekte, w\u00e4hrend Essential 10 GB f\u00fcr kleinere Websites bereitstellt. Genie\u00dfen Sie Unterst\u00fctzung f\u00fcr WordPress, Laravel, Node.js, ASP.NET Core und mehrere PHP-Versionen - alles, was Sie brauchen, um Ihre Website mit Leichtigkeit zu starten und zu erweitern.<br><\/div>\n    \n          \n                                    \n    \n    \n    \n    \n            \n                    \n            \n            \n\n    \n    \n    \n    \n    \n    <a class=\"breakdance-link button-atom button-atom--primary ee-imagebox-button\" href=\"https:\/\/itsparer.de\/de\/?product_cat=webhosting\" target=\"_self\" data-type=\"url\"  >\n\n    \n        <span class=\"button-atom__text\">Weitere Informationen<\/span>\n\n        \n        \n                <\/a>\n\n    \n\n  <\/div>\n\n<\/div>\n<\/div><div class=\"bde-column-417-105 bde-column\">\n  \n  \n\t\n\n\n\n<div class=\"bde-image-box-417-110 bde-image-box\">\n<div class=\"ee-imagebox-image\">\n  <img loading=\"lazy\" decoding=\"async\" class=\"breakdance-image-object\" src=\"https:\/\/itsparer.de\/wp-content\/uploads\/2025\/10\/VPS.jpg\" width=\"1024\" height=\"1024\" srcset=\"https:\/\/itsparer.de\/wp-content\/uploads\/2025\/10\/VPS.jpg 1024w, https:\/\/itsparer.de\/wp-content\/uploads\/2025\/10\/VPS-300x300.jpg 300w, https:\/\/itsparer.de\/wp-content\/uploads\/2025\/10\/VPS-150x150.jpg 150w, https:\/\/itsparer.de\/wp-content\/uploads\/2025\/10\/VPS-768x768.jpg 768w, https:\/\/itsparer.de\/wp-content\/uploads\/2025\/10\/VPS-600x600.jpg 600w\" sizes=\"auto, (max-width: 1024px) 100vw, 1024px\" alt=\"VPS\">\n<\/div>\n<div class=\"ee-imagebox-content\">\n      <h5 class=\"ee-imagebox-title bde-h3\" >Virtuelle Maschinen<\/h5>\n    \n      <div class=\"ee-imagebox-text\" >Erleben Sie leistungsstarke, skalierbare virtuelle Cloud-Maschinen, die f\u00fcr anspruchsvolle Workloads entwickelt wurden. Unsere Kategorie Cloud Virtual bietet eine Reihe von VM-Optionen - von 3 bis 18 vCPU-Kernen und bis zu 96 GB RAM - gepaart mit schnellem NVMe-Speicher, gro\u00dfz\u00fcgigen Traffic-Zugaben, t\u00e4glichen Backups und Snapshot-Unterst\u00fctzung. Profitieren Sie von flexiblen Konfigurationen, zuverl\u00e4ssiger Konnektivit\u00e4t (bis zu 1 Gbit\/s) und unbegrenztem eingehenden Datenverkehr, sodass Sie Websites, Anwendungen und Gesch\u00e4ftsl\u00f6sungen mit Zuversicht betreiben k\u00f6nnen.<\/div>\n    \n          \n                                    \n    \n    \n    \n    \n            \n                    \n            \n            \n\n    \n    \n    \n    \n    \n    <a class=\"breakdance-link button-atom button-atom--primary ee-imagebox-button\" href=\"https:\/\/itsparer.de\/de\/?product_cat=cvm\" target=\"_self\" data-type=\"url\"  >\n\n    \n        <span class=\"button-atom__text\">Weitere Informationen<\/span>\n\n        \n        \n                <\/a>\n\n    \n\n  <\/div>\n\n<\/div>\n<\/div><\/div><div class=\"bde-columns-417-113 bde-columns\"><div class=\"bde-column-417-114 bde-column\">\n  \n  \n\t\n\n\n\n<div class=\"bde-image-box-417-111 bde-image-box\">\n<div class=\"ee-imagebox-image\">\n  <img loading=\"lazy\" decoding=\"async\" class=\"breakdance-image-object\" src=\"https:\/\/itsparer.de\/wp-content\/uploads\/2025\/10\/VDS.jpg\" width=\"1024\" height=\"1024\" srcset=\"https:\/\/itsparer.de\/wp-content\/uploads\/2025\/10\/VDS.jpg 1024w, https:\/\/itsparer.de\/wp-content\/uploads\/2025\/10\/VDS-300x300.jpg 300w, https:\/\/itsparer.de\/wp-content\/uploads\/2025\/10\/VDS-150x150.jpg 150w, https:\/\/itsparer.de\/wp-content\/uploads\/2025\/10\/VDS-768x768.jpg 768w, https:\/\/itsparer.de\/wp-content\/uploads\/2025\/10\/VDS-600x600.jpg 600w\" sizes=\"auto, (max-width: 1024px) 100vw, 1024px\" alt=\"Virtueller dedizierter Server\">\n<\/div>\n<div class=\"ee-imagebox-content\">\n      <h5 class=\"ee-imagebox-title bde-h3\" >Virtuelle Dedizierte Server<\/h5>\n    \n      <div class=\"ee-imagebox-text\" >Mit unseren Virtual Dedicated Servern mit dedizierten physischen AMD EPYC-Kernen, Hochgeschwindigkeits-NVMe-Speicher und gro\u00dfz\u00fcgigem Arbeitsspeicher erhalten Sie starke Leistung und volle Kontrolle. Jeder Server bietet zuverl\u00e4ssige Konnektivit\u00e4t, skalierbare Speicheroptionen und eine hohe Traffic-Zulassung - ideal f\u00fcr anspruchsvolle Anwendungen, Business-Hosting und Virtualisierung. Genie\u00dfen Sie Sicherheit auf Enterprise-Niveau, fortschrittliche Verarbeitung und die Flexibilit\u00e4t, mit Ihren Anforderungen zu wachsen.<\/div>\n    \n          \n                                    \n    \n    \n    \n    \n            \n                    \n            \n            \n\n    \n    \n    \n    \n    \n    <a class=\"breakdance-link button-atom button-atom--primary ee-imagebox-button\" href=\"https:\/\/itsparer.de\/de\/?product_cat=vds\" target=\"_self\" data-type=\"url\"  >\n\n    \n        <span class=\"button-atom__text\">Weitere Informationen<\/span>\n\n        \n        \n                <\/a>\n\n    \n\n  <\/div>\n\n<\/div>\n<\/div><div class=\"bde-column-417-115 bde-column\">\n  \n  \n\t\n\n\n\n<div class=\"bde-image-box-417-112 bde-image-box\">\n<div class=\"ee-imagebox-image\">\n  <img loading=\"lazy\" decoding=\"async\" class=\"breakdance-image-object\" src=\"https:\/\/itsparer.de\/wp-content\/uploads\/2025\/11\/dedicatedServer.jpg\" width=\"1024\" height=\"1024\" srcset=\"https:\/\/itsparer.de\/wp-content\/uploads\/2025\/11\/dedicatedServer.jpg 1024w, https:\/\/itsparer.de\/wp-content\/uploads\/2025\/11\/dedicatedServer-300x300.jpg 300w, https:\/\/itsparer.de\/wp-content\/uploads\/2025\/11\/dedicatedServer-150x150.jpg 150w, https:\/\/itsparer.de\/wp-content\/uploads\/2025\/11\/dedicatedServer-768x768.jpg 768w, https:\/\/itsparer.de\/wp-content\/uploads\/2025\/11\/dedicatedServer-600x600.jpg 600w\" sizes=\"auto, (max-width: 1024px) 100vw, 1024px\" alt=\"Dedizierter Server\">\n<\/div>\n<div class=\"ee-imagebox-content\">\n      <h5 class=\"ee-imagebox-title bde-h3\" >Bare Metal Dedizierte Server<\/h5>\n    \n      <div class=\"ee-imagebox-text\" >Erleben Sie kompromisslose Leistung und vollst\u00e4ndige Hardwarekontrolle mit unseren Bare Metal Dedicated Servern. Angetrieben von den neuesten AMD Ryzen- und EPYC-Prozessoren liefern diese Server rohe, dedizierte Ressourcen - ideal f\u00fcr High-Performance-Computing, Unternehmens-Workloads und anspruchsvolle Anwendungen. Genie\u00dfen Sie bis zu 64 physische Kerne, massive RAM-Skalierbarkeit, ultraschnellen NVMe-Speicher, unbegrenzten Datenverkehr und Hochgeschwindigkeits-Ports. Perfekt f\u00fcr Unternehmen, die maximale Leistung, Zuverl\u00e4ssigkeit und Anpassbarkeit ohne Virtualisierungsaufwand ben\u00f6tigen. <\/div>\n    \n          \n                                    \n    \n    \n    \n    \n            \n                    \n            \n            \n\n    \n    \n    \n    \n    \n    <a class=\"breakdance-link button-atom button-atom--primary ee-imagebox-button\" href=\"https:\/\/itsparer.de\/de\/?product_cat=bare-dedicated-servers\" target=\"_self\" data-type=\"url\"  >\n\n    \n        <span class=\"button-atom__text\">Weitere Informationen<\/span>\n\n        \n        \n                <\/a>\n\n    \n\n  <\/div>\n\n<\/div>\n<\/div><\/div><div class=\"bde-image-box-417-119 bde-image-box\">\n<div class=\"ee-imagebox-image\">\n  <img loading=\"lazy\" decoding=\"async\" class=\"breakdance-image-object\" src=\"https:\/\/itsparer.de\/wp-content\/uploads\/2025\/11\/virtualdeskapp.jpg\" width=\"1536\" height=\"1024\" srcset=\"https:\/\/itsparer.de\/wp-content\/uploads\/2025\/11\/virtualdeskapp.jpg 1536w, https:\/\/itsparer.de\/wp-content\/uploads\/2025\/11\/virtualdeskapp-300x200.jpg 300w, https:\/\/itsparer.de\/wp-content\/uploads\/2025\/11\/virtualdeskapp-1024x683.jpg 1024w, https:\/\/itsparer.de\/wp-content\/uploads\/2025\/11\/virtualdeskapp-768x512.jpg 768w, https:\/\/itsparer.de\/wp-content\/uploads\/2025\/11\/virtualdeskapp-600x400.jpg 600w\" sizes=\"auto, (max-width: 1536px) 100vw, 1536px\" alt=\"Virtueller Desktop oder App\">\n<\/div>\n<div class=\"ee-imagebox-content\">\n      <h5 class=\"ee-imagebox-title bde-h3\" >Virtueller Desktop\/Anwendung<\/h5>\n    \n      <div class=\"ee-imagebox-text\" >Haben Sie es satt, zu viel f\u00fcr Ihre Virtual Desktop oder App L\u00f6sungen in verschiedenen Richtungen zu bezahlen?  Jetzt bieten wir Ihnen eine All-Inclusive-Pauschale pro Benutzer\/Monat. Entspannen Sie sich, sparen Sie kr\u00e4ftig und genie\u00dfen Sie leistungsstarke VDA-L\u00f6sungen.<\/div>\n    \n          \n                                    \n    \n    \n    \n    \n            \n                    \n            \n            \n\n    \n    \n    \n    \n    \n    <a class=\"breakdance-link button-atom button-atom--primary ee-imagebox-button\" href=\"https:\/\/itsparer.de\/de\/?product=virtual-desktop-or-app\" target=\"_self\" data-type=\"url\"  >\n\n    \n        <span class=\"button-atom__text\">Weitere Informationen<\/span>\n\n        \n        \n                <\/a>\n\n    \n\n  <\/div>\n\n<\/div><\/div>\n<\/section>","protected":false},"excerpt":{"rendered":"<p>Choose From our High Performance managed Hosted Servers and Packages Spread in 9 Locations around the world.(Europe Union ,UK ,3 Locations in the US ,Singapore,India ,Japan and Australia) . We build your Full interconnected Infrastructure in our cloud allowing you to benefit from low cost ,high performancce no maintenance environment. Take the complexity out of [&hellip;]<\/p>","protected":false},"author":1,"featured_media":0,"parent":0,"menu_order":0,"comment_status":"closed","ping_status":"closed","template":"","meta":{"_acf_changed":false,"_breakdance_hide_in_design_set":false,"_breakdance_tags":"","footnotes":""},"class_list":["post-417","page","type-page","status-publish","hentry"],"acf":[],"_links":{"self":[{"href":"https:\/\/itsparer.de\/de\/wp-json\/wp\/v2\/pages\/417","targetHints":{"allow":["GET"]}}],"collection":[{"href":"https:\/\/itsparer.de\/de\/wp-json\/wp\/v2\/pages"}],"about":[{"href":"https:\/\/itsparer.de\/de\/wp-json\/wp\/v2\/types\/page"}],"author":[{"embeddable":true,"href":"https:\/\/itsparer.de\/de\/wp-json\/wp\/v2\/users\/1"}],"replies":[{"embeddable":true,"href":"https:\/\/itsparer.de\/de\/wp-json\/wp\/v2\/comments?post=417"}],"version-history":[{"count":16,"href":"https:\/\/itsparer.de\/de\/wp-json\/wp\/v2\/pages\/417\/revisions"}],"predecessor-version":[{"id":5543,"href":"https:\/\/itsparer.de\/de\/wp-json\/wp\/v2\/pages\/417\/revisions\/5543"}],"wp:attachment":[{"href":"https:\/\/itsparer.de\/de\/wp-json\/wp\/v2\/media?parent=417"}],"curies":[{"name":"wp","href":"https:\/\/api.w.org\/{rel}","templated":true}]}}