{"id":448,"date":"2025-11-21T15:16:52","date_gmt":"2025-11-21T15:16:52","guid":{"rendered":"https:\/\/break.itsparer.de\/?page_id=448"},"modified":"2026-02-11T08:33:33","modified_gmt":"2026-02-11T08:33:33","slug":"uber-uns","status":"publish","type":"page","link":"https:\/\/itsparer.de\/de\/uber-uns\/","title":{"rendered":"\u00fcber uns"},"content":{"rendered":"<section class=\"bde-section-448-100 bde-section\">\n  \n  \n\t\n\n\n\n<div class=\"section-container\"><div class=\"bde-text-448-101 bde-text txtclr\" data-entrance=\"flipDown\">\nWir von itsparer.de unterst\u00fctzen Unternehmen mit Leidenschaft dabei, im digitalen Zeitalter erfolgreich zu sein, indem wir Kosten reduzieren und die Effizienz maximieren. Unsere Expertise liegt in der Nutzung von K\u00fcnstlicher Intelligenz und IT-Automatisierung, um Abl\u00e4ufe zu rationalisieren, sich wiederholende Aufgaben zu eliminieren und neue Produktivit\u00e4tsebenen zu erschlie\u00dfen. Wir sind davon \u00fcberzeugt, dass intelligente Technologie der Schl\u00fcssel zu nachhaltigem Wachstum ist, und unsere L\u00f6sungen sind so konzipiert, dass sie messbare Ergebnisse liefern und Ihr Unternehmen agil und wettbewerbsf\u00e4hig halten. Ganz gleich, ob Sie Arbeitsabl\u00e4ufe optimieren, unn\u00f6tige Kosten einsparen oder die Zukunft der Automatisierung nutzen m\u00f6chten, itsparer.de ist Ihr zuverl\u00e4ssiger Partner f\u00fcr Innovation und Erfolg.\n<\/div><\/div>\n<\/section>","protected":false},"excerpt":{"rendered":"<p>At itsparer.de, we are passionate about helping businesses thrive in the digital era by reducing costs and maximizing efficiency. Our expertise lies in leveraging Artificial Intelligence and IT automation to streamline operations, eliminate repetitive tasks, and unlock new levels of productivity. We believe that smart technology is the key to sustainable growth, and our solutions [&hellip;]<\/p>","protected":false},"author":1,"featured_media":0,"parent":0,"menu_order":0,"comment_status":"closed","ping_status":"closed","template":"","meta":{"_acf_changed":false,"_breakdance_hide_in_design_set":false,"_breakdance_tags":"","footnotes":""},"class_list":["post-448","page","type-page","status-publish","hentry"],"acf":[],"_links":{"self":[{"href":"https:\/\/itsparer.de\/de\/wp-json\/wp\/v2\/pages\/448","targetHints":{"allow":["GET"]}}],"collection":[{"href":"https:\/\/itsparer.de\/de\/wp-json\/wp\/v2\/pages"}],"about":[{"href":"https:\/\/itsparer.de\/de\/wp-json\/wp\/v2\/types\/page"}],"author":[{"embeddable":true,"href":"https:\/\/itsparer.de\/de\/wp-json\/wp\/v2\/users\/1"}],"replies":[{"embeddable":true,"href":"https:\/\/itsparer.de\/de\/wp-json\/wp\/v2\/comments?post=448"}],"version-history":[{"count":6,"href":"https:\/\/itsparer.de\/de\/wp-json\/wp\/v2\/pages\/448\/revisions"}],"predecessor-version":[{"id":2377,"href":"https:\/\/itsparer.de\/de\/wp-json\/wp\/v2\/pages\/448\/revisions\/2377"}],"wp:attachment":[{"href":"https:\/\/itsparer.de\/de\/wp-json\/wp\/v2\/media?parent=448"}],"curies":[{"name":"wp","href":"https:\/\/api.w.org\/{rel}","templated":true}]}}