{"id":536,"date":"2025-12-24T09:48:17","date_gmt":"2025-12-24T09:48:17","guid":{"rendered":"https:\/\/break.itsparer.de\/affiliate-dashboard\/"},"modified":"2026-01-06T08:47:20","modified_gmt":"2026-01-06T08:47:20","slug":"partner-dashboard","status":"publish","type":"page","link":"https:\/\/itsparer.de\/de\/partner-dashboard\/","title":{"rendered":"Affiliate Dashboard"},"content":{"rendered":"<section class=\"bde-section-536-102 bde-section\">\n  \n  \n\t\n\n\n\n<div class=\"section-container\"><div class=\"bde-text-536-105 bde-text\">\n<h3 class=\"affiliate-heading\"><br>  Verdienen Sie <span>20% Wiederkehrende Einnahmen<\/span><br>auf jedes von Ihnen empfohlene Produkt aus den folgenden Kategorien<br><\/h3><br>\n<\/div><ul class=\"bde-basic-list-536-104 bde-basic-list\">\n  <li class='bde-basic-list-item-with-link' >    \n                  \n            \n            \n\n    \n    \n    \n    \n    \n    <a class=\"breakdance-link\" href=\"https:\/\/itsparer.de\/de\/produkt-kategorie\/es-infra\/\" target=\"_self\" data-type=\"url\"  >\n\n          Integrierte IT-Infrastruktur- und Compliance-L\u00f6sungen\n              <\/a>\n\n      <\/li>\n  <li class='bde-basic-list-item-with-link' >    \n                  \n            \n            \n\n    \n    \n    \n    \n    \n    <a class=\"breakdance-link\" href=\"https:\/\/itsparer.de\/de\/produkt-kategorie\/readyncustomapps\/\" target=\"_self\" data-type=\"url\"  >\n\n          Fertige und benutzerdefinierte Anwendungen\n              <\/a>\n\n      <\/li>\n  <li class='bde-basic-list-item-with-link' >    \n                  \n            \n            \n\n    \n    \n    \n    \n    \n    <a class=\"breakdance-link\" href=\"https:\/\/itsparer.de\/de\/produkt-kategorie\/dmndopm\/\" target=\"_self\" data-type=\"url\"  >\n\n          Digitales Marketing &amp; Online-Pr\u00e4senz-Management\n              <\/a>\n\n      <\/li>\n  <li class='bde-basic-list-item-with-link' >    \n                  \n            \n            \n\n    \n    \n    \n    \n    \n    <a class=\"breakdance-link\" href=\"https:\/\/itsparer.de\/de\/produkt\/virtueller-desktop-oder-anwendung\/\" target=\"_self\" data-type=\"url\"  >\n\n          Virtueller Desktop oder App\n              <\/a>\n\n      <\/li>\n<\/ul><\/div>\n<\/section><section class=\"bde-section-536-100 bde-section\">\n  \n  \n\t\n\n\n\n<div class=\"section-container\"><div class=\"bde-shortcode-536-101 bde-shortcode\">\n<div class=\"yith-wcaf yith-wcaf-registration-form woocommerce\">\n\t\n\t\n\t\t\t\t<div class=\"forms-container\">\n\n\t\t\t\n\t\t\t\n\t\t\t\n\t\t\t\t\t\t\t\t\t<h2 class=\"register-title\">\n\t\t\t\t\t\tRegister\t\t\t\t\t<\/h2>\n\t\t\t\t\n\t\t\t\t<div class=\"register-form\">\n\t\t\t\t\t<form method=\"post\" class=\"register\" action=\"\">\n\n\t\t\t\t\t\t\t\t\t\t\t\t\t\t\t\t\t\t<p class=\"form-row validate-required\" id=\"profile_first_name_field\" data-priority=\"\"><label for=\"profile_first_name\" class=\"required_field\">Vornamen&nbsp;<span class=\"required\" aria-hidden=\"true\">*<\/span><\/label><span class=\"woocommerce-input-wrapper\"><input type=\"text\" class=\"input-text\" name=\"first_name\" id=\"profile_first_name\" placeholder=\"\"  value=\"\" aria-required=\"true\" \/><\/span><\/p><p class=\"form-row validate-required\" id=\"profile_last_name_field\" data-priority=\"\"><label for=\"profile_last_name\" class=\"required_field\">Nachname&nbsp;<span class=\"required\" aria-hidden=\"true\">*<\/span><\/label><span class=\"woocommerce-input-wrapper\"><input type=\"text\" class=\"input-text\" name=\"last_name\" id=\"profile_last_name\" placeholder=\"\"  value=\"\" aria-required=\"true\" \/><\/span><\/p><p class=\"form-row validate-required\" id=\"profile_email_field\" data-priority=\"\"><label for=\"profile_email\" class=\"required_field\">E-Mail Adresse&nbsp;<span class=\"required\" aria-hidden=\"true\">*<\/span><\/label><span class=\"woocommerce-input-wrapper\"><input type=\"email\" class=\"input-text\" name=\"email\" id=\"profile_email\" placeholder=\"\"  value=\"\" data-validation=\"email\" aria-required=\"true\" \/><\/span><\/p>\t\t\t<p class=\"form-row\">\n\t\t\t\t<span class=\"woocommerce-privacy-policy-text\">\n\t\t\t\t\tIhre pers\u00f6nlichen Daten werden verwendet, um Ihre Erfahrung auf dieser Website zu unterst\u00fctzen, den Zugang zu Ihrem Konto zu verwalten und f\u00fcr andere Zwecke, die in unserer <a href=\"https:\/\/itsparer.de\/de\/datenschutzbestimmungen\/\" class=\"woocommerce-privacy-policy-link\" target=\"_blank\" data-no-translation=\"\" data-trp-gettext=\"\">Datenschutzerkl\u00e4rung<\/a>.\t\t\t\t<\/span>\n\t\t\t<\/p>\n\t\t\t<p class=\"form-row terms-label validate-required\" id=\"profile_terms_field\" data-priority=\"\"><span class=\"woocommerce-input-wrapper\"><label class=\"checkbox terms-label\" ><input type=\"checkbox\" name=\"terms\" id=\"profile_terms\" value=\"1\" class=\"input-checkbox\"  aria-required=\"true\" \/> Ich habe die Website gelesen und stimme ihr zu <a href=\"https:\/\/itsparer.de\/de\/terms\/\" class=\"woocommerce-terms-and-conditions-link\" target=\"_blank\" data-no-translation=\"\" data-trp-gettext=\"\">Allgemeine Gesch\u00e4ftsbedingungen<\/a>&nbsp;<span class=\"required\" aria-hidden=\"true\">*<\/span><\/label><\/span><\/p>\t\t\t\t\t\t<wc-order-attribution-inputs><\/wc-order-attribution-inputs>\n\t\t\t\t\t\t<p class=\"form-row\">\n\t\t\t\t\t\t\t<input type=\"hidden\" id=\"woocommerce-register-nonce\" name=\"woocommerce-register-nonce\" value=\"b87316304f\" \/><input type=\"hidden\" name=\"_wp_http_referer\" value=\"\/de\/wp-json\/wp\/v2\/pages\/536\" \/>\t\t\t\t\t\t\t<input type=\"hidden\" id=\"register_affiliate\" name=\"register_affiliate\" value=\"701af14363\" \/>\n\t\t\t\t\t\t\t<input type=\"submit\" class=\"button\" name=\"register\" value=\"Register\"\/>\n\t\t\t\t\t\t<\/p>\n\n\t\t\t\t\t\t\n\t\t\t\t\t<input type=\"hidden\" name=\"trp-form-language\" value=\"de\"\/><\/form>\n\t\t\t\t<\/div>\n\n\t\t\t\n\t\t\t\n\t\t<\/div>\n\n\t<\/div>\n<\/div><\/div>\n<\/section>","protected":false},"excerpt":{"rendered":"<p>Earn 20% Recurring Revenueon Every Product You Refer from the following Categories Integrated IT Infrastructure &#038; Compliance Solutions Ready and Custom Applications Digital Marketing &#038; Online Presence Management Virtual Desktop or App Register First name&nbsp;*Last name&nbsp;*Email address&nbsp;* Your personal data will be used to support your experience throughout this website, to manage access to your [&hellip;]<\/p>","protected":false},"author":1,"featured_media":0,"parent":0,"menu_order":0,"comment_status":"closed","ping_status":"closed","template":"","meta":{"_acf_changed":false,"_breakdance_hide_in_design_set":false,"_breakdance_tags":"","footnotes":""},"class_list":["post-536","page","type-page","status-publish","hentry"],"acf":[],"_links":{"self":[{"href":"https:\/\/itsparer.de\/de\/wp-json\/wp\/v2\/pages\/536","targetHints":{"allow":["GET"]}}],"collection":[{"href":"https:\/\/itsparer.de\/de\/wp-json\/wp\/v2\/pages"}],"about":[{"href":"https:\/\/itsparer.de\/de\/wp-json\/wp\/v2\/types\/page"}],"author":[{"embeddable":true,"href":"https:\/\/itsparer.de\/de\/wp-json\/wp\/v2\/users\/1"}],"replies":[{"embeddable":true,"href":"https:\/\/itsparer.de\/de\/wp-json\/wp\/v2\/comments?post=536"}],"version-history":[{"count":16,"href":"https:\/\/itsparer.de\/de\/wp-json\/wp\/v2\/pages\/536\/revisions"}],"predecessor-version":[{"id":2052,"href":"https:\/\/itsparer.de\/de\/wp-json\/wp\/v2\/pages\/536\/revisions\/2052"}],"wp:attachment":[{"href":"https:\/\/itsparer.de\/de\/wp-json\/wp\/v2\/media?parent=536"}],"curies":[{"name":"wp","href":"https:\/\/api.w.org\/{rel}","templated":true}]}}