{"id":175,"date":"2025-11-19T07:57:23","date_gmt":"2025-11-19T07:57:23","guid":{"rendered":"https:\/\/break.itsparer.de\/?post_type=product&#038;p=175"},"modified":"2025-11-19T07:57:23","modified_gmt":"2025-11-19T07:57:23","slug":"entwicklung-kundenspezifischer-anwendungen","status":"publish","type":"product","link":"https:\/\/itsparer.de\/de\/produkt\/entwicklung-kundenspezifischer-anwendungen\/","title":{"rendered":"Entwicklung kundenspezifischer Anwendungen"},"content":{"rendered":"<p><span class=\"_1vwisb38\" data-testid=\"youchat-text\"><strong>Kundenspezifische Anwendungsentwicklung: Moderne L\u00f6sungen, ma\u00dfgeschneidert f\u00fcr Sie<\/strong><\/span><span class=\"_1vwisb38\" data-testid=\"youchat-text\">Sind Sie auf der Suche nach einer Anwendung, die genau auf Ihre Gesch\u00e4ftsanforderungen zugeschnitten ist? Oder m\u00fcssen Sie Ihre Altsoftware modernisieren und in die Cloud verlagern? Unser Service f\u00fcr benutzerdefinierte Anwendungen ist darauf ausgelegt, genau das zu liefern - leistungsstarke, skalierbare und zukunftssichere L\u00f6sungen, die genau nach Ihren Vorgaben entwickelt werden.<\/span><\/p>\n<hr class=\"_1ewyc7g0\" \/>\n<p><span class=\"_1vwisb38\" data-testid=\"youchat-text\"><strong>Was wir anbieten:<\/strong><\/span><\/p>\n<ul class=\"_1vwisb37\">\n<li class=\"f7g24p0\" translate=\"no\"><strong>Vollst\u00e4ndig angepasste Anwendungsentwicklung<\/strong><br \/>\nWir arbeiten eng mit Ihnen zusammen, um Ihre einzigartigen Gesch\u00e4ftsprozesse und Anforderungen zu verstehen. Unabh\u00e4ngig davon, ob Sie eine Web-, Mobil- oder Desktop-Anwendung ben\u00f6tigen, entwickeln wir robuste L\u00f6sungen von Grund auf und stellen sicher, dass jede Funktion, jeder Arbeitsablauf und jede Schnittstelle auf Ihr Unternehmen zugeschnitten ist.<\/li>\n<\/ul>\n<ul class=\"_1vwisb37\">\n<li class=\"f7g24p0\" translate=\"no\"><strong>Umschreiben und Modernisieren von Altanwendungen<\/strong><br \/>\nSetzen Sie noch auf veraltete oder nicht unterst\u00fctzte Software? Wir k\u00f6nnen Ihre Altanwendungen umgestalten und in moderne, cloudbasierte L\u00f6sungen verwandeln. Profitieren Sie von verbesserter Leistung, erh\u00f6hter Sicherheit und nahtloser Integration mit den heutigen Technologien.<\/li>\n<\/ul>\n<ul class=\"_1vwisb37\">\n<li class=\"f7g24p0\" translate=\"no\"><strong>Cloud-f\u00e4hige L\u00f6sungen<\/strong><br \/>\nAlle unsere ma\u00dfgeschneiderten Anwendungen sind f\u00fcr die Cloud konzipiert und bieten Ihnen sicheren, ortsunabh\u00e4ngigen Zugriff, automatische Updates und skalierbare Leistung.<\/li>\n<\/ul>\n<ul class=\"_1vwisb37\">\n<li class=\"f7g24p0\" translate=\"no\"><strong>Inklusive API-Integration<\/strong><br \/>\nJedes von uns entwickelte Formular oder Modul verf\u00fcgt \u00fcber eine API-Konnektivit\u00e4t, so dass Sie Ihr neues System problemlos in bestehende Tools, Partner oder Plattformen von Drittanbietern integrieren k\u00f6nnen.<\/li>\n<\/ul>\n<ul class=\"_1vwisb37\">\n<li class=\"f7g24p0\" translate=\"no\"><strong>Transparente, vorhersehbare Preisgestaltung<\/strong><br \/>\nUnsere Preisgestaltung ist \u00fcberschaubar:\u00a0<strong>100\u20ac pro Formular<\/strong>, einschlie\u00dflich API-Entwicklung und -Integration, so dass Sie Ihre Investition immer im Voraus kennen.<\/li>\n<\/ul>\n<hr class=\"_1ewyc7g0\" \/>\n<p><span class=\"_1vwisb38\" data-testid=\"youchat-text\"><strong>Warum sollten Sie sich f\u00fcr unseren individuellen Bewerbungsservice entscheiden?<\/strong><\/span><\/p>\n<ul class=\"_1vwisb37\">\n<li class=\"f7g24p0\" translate=\"no\"><strong>Ma\u00dfgeschneidert f\u00fcr Ihr Unternehmen:<\/strong>\u00a0Keine Einschr\u00e4nkungen von der Stange - Sie bekommen genau das, was Sie brauchen.<\/li>\n<li class=\"f7g24p0\" translate=\"no\"><strong>Modern und skalierbar:<\/strong>\u00a0Errichtet mit den neuesten Technologien f\u00fcr Zuverl\u00e4ssigkeit und Wachstum.<\/li>\n<li class=\"f7g24p0\" translate=\"no\"><strong>Nahtlose Integrationen:<\/strong>\u00a0Inklusive APIs f\u00fcr die einfache Anbindung an andere Systeme.<\/li>\n<li class=\"f7g24p0\" translate=\"no\"><strong>Vom Erbe zur Cloud:<\/strong>\u00a0Machen Sie Ihr Unternehmen mit Cloud-f\u00e4higen L\u00f6sungen zukunftssicher.<\/li>\n<li class=\"f7g24p0\" translate=\"no\"><strong>Transparente Preisgestaltung:<\/strong>\u00a0Klare Preise pro Formular ohne versteckte Kosten.<\/li>\n<\/ul>\n<hr class=\"_1ewyc7g0\" \/>\n<p><span class=\"_1vwisb38\" data-testid=\"youchat-text\"><strong>Wir setzen Ihre Ideen in leistungsstarke, moderne Anwendungen um, die Ihr Unternehmen voranbringen - ganz gleich, ob Sie von Grund auf neu beginnen oder bereits vorhandene Anwendungen modernisieren.<\/strong><\/span><\/p>","protected":false},"excerpt":{"rendered":"<p>Wir erstellen vollst\u00e4ndig ma\u00dfgeschneiderte, Cloud-f\u00e4hige Anwendungen, die auf Ihre Gesch\u00e4ftsanforderungen zugeschnitten sind, oder modernisieren Ihre Altsysteme - zu einem Preis von nur 100 \u20ac pro Formular, einschlie\u00dflich API-Integration.<\/p>","protected":false},"featured_media":237,"comment_status":"open","ping_status":"closed","template":"","meta":{"_acf_changed":false},"product_brand":[],"product_cat":[24],"product_tag":[],"class_list":{"0":"post-175","1":"product","2":"type-product","3":"status-publish","4":"has-post-thumbnail","6":"product_cat-readyncustomapps","8":"first","9":"instock","10":"virtual","11":"taxable","12":"purchasable","13":"product-type-simple"},"acf":[],"_links":{"self":[{"href":"https:\/\/itsparer.de\/de\/wp-json\/wp\/v2\/product\/175","targetHints":{"allow":["GET"]}}],"collection":[{"href":"https:\/\/itsparer.de\/de\/wp-json\/wp\/v2\/product"}],"about":[{"href":"https:\/\/itsparer.de\/de\/wp-json\/wp\/v2\/types\/product"}],"replies":[{"embeddable":true,"href":"https:\/\/itsparer.de\/de\/wp-json\/wp\/v2\/comments?post=175"}],"wp:featuredmedia":[{"embeddable":true,"href":"https:\/\/itsparer.de\/de\/wp-json\/wp\/v2\/media\/237"}],"wp:attachment":[{"href":"https:\/\/itsparer.de\/de\/wp-json\/wp\/v2\/media?parent=175"}],"wp:term":[{"taxonomy":"product_brand","embeddable":true,"href":"https:\/\/itsparer.de\/de\/wp-json\/wp\/v2\/product_brand?post=175"},{"taxonomy":"product_cat","embeddable":true,"href":"https:\/\/itsparer.de\/de\/wp-json\/wp\/v2\/product_cat?post=175"},{"taxonomy":"product_tag","embeddable":true,"href":"https:\/\/itsparer.de\/de\/wp-json\/wp\/v2\/product_tag?post=175"}],"curies":[{"name":"wp","href":"https:\/\/api.w.org\/{rel}","templated":true}]}}