{"id":189,"date":"2025-11-17T08:19:37","date_gmt":"2025-11-17T08:19:37","guid":{"rendered":"https:\/\/break.itsparer.de\/?post_type=product&#038;p=189"},"modified":"2025-11-17T08:19:37","modified_gmt":"2025-11-17T08:19:37","slug":"soc2-oder-iso-27001-audit-tools-und-umsetzung-der-automatisierung","status":"publish","type":"product","link":"https:\/\/itsparer.de\/de\/produkt\/soc2-oder-iso-27001-audit-tools-und-umsetzung-der-automatisierung\/","title":{"rendered":"Soc2 oder ISO 27001 Audit Tools und Automatisierung"},"content":{"rendered":"<p><span class=\"_1vwisb38\" data-testid=\"youchat-text\">Unser\u00a0<strong>SOC 2- oder ISO 27001-Audit-Tools und Implementierung der Automatisierung<\/strong>\u00a0Service rationalisiert Ihre Compliance-Reise durch die Integration fortschrittlicher Automatisierungsl\u00f6sungen, die sowohl auf SOC 2- als auch auf ISO 27001-Frameworks zugeschnitten sind. Wir helfen Ihnen bei der Bereitstellung von Tools, die\u00a0<strong>automatisches Sammeln von Beweisen, kontinuierliches \u00dcberwachen Ihres Tech-Stacks und Warnen vor Bedrohungen oder Nichtkonformit\u00e4ten<\/strong>, Dadurch wird es einfacher, die Einhaltung der Vorschriften Jahr f\u00fcr Jahr zu gew\u00e4hrleisten.\u00a0<\/span><\/p>\n<p><span class=\"_1vwisb38\" data-testid=\"youchat-text\">.<\/span><span class=\"_1vwisb38\" data-testid=\"youchat-text\">Mit unserer Implementierung profitieren Sie von:<\/span><\/p>\n<ul class=\"_1vwisb37\">\n<li class=\"f7g24p0\" translate=\"no\"><strong>Automatisierte Beweissammlung:<\/strong>\u00a0Reduzieren Sie den manuellen Aufwand durch den Einsatz von Tools, die Pr\u00fcfungsnachweise in Echtzeit sammeln und organisieren, so dass sie f\u00fcr den sicheren Austausch mit Pr\u00fcfern bereit sind.<\/li>\n<li class=\"f7g24p0\" translate=\"no\"><strong>Kontinuierliche \u00dcberwachung:<\/strong>\u00a0Mit automatischen Warnmeldungen zu \u00c4nderungen oder Risiken, die sich auf Ihren SOC 2- oder ISO 27001-Status auswirken k\u00f6nnten, sind Sie Compliance-Problemen immer einen Schritt voraus.<\/li>\n<li class=\"f7g24p0\" translate=\"no\"><strong>Integrierte Berichterstattung:<\/strong>\u00a0Vereinfachen Sie die Vorbereitung von Audits und die fortlaufende Einhaltung von Vorschriften mit Dashboards und Berichten, die die Kontrollen in beiden Rahmenwerken abbilden, so dass Sie Ihre Sicherheitslage gegen\u00fcber Stakeholdern und Pr\u00fcfern leicht nachweisen k\u00f6nnen.\n<div class=\"_1kw22a20\"><\/div>\n<\/li>\n<li class=\"f7g24p0\" translate=\"no\"><strong>Anpassbare Arbeitsabl\u00e4ufe:<\/strong>\u00a0Passen Sie die Automatisierung an die individuellen Prozesse Ihres Unternehmens an, unabh\u00e4ngig davon, ob Sie ein einzelnes Regelwerk oder mehrere Compliance-Standards verwalten.<\/li>\n<\/ul>\n<p><span class=\"_1vwisb38\" data-testid=\"youchat-text\">Unser Service stellt sicher, dass Ihr Unternehmen die SOC 2- oder ISO 27001-Konformit\u00e4t effizient erreichen und aufrechterhalten kann. So kann sich Ihr Team auf seine Kernaufgaben konzentrieren, w\u00e4hrend Zeit, Kosten und Komplexit\u00e4t der Audits reduziert werden.<\/span><\/p>","protected":false},"excerpt":{"rendered":"<p>Automatisieren Sie Ihre SOC 2- oder ISO 27001-Konformit\u00e4t mit Tools, die die Sammlung von Nachweisen, die kontinuierliche \u00dcberwachung und die Audit-Berichterstattung rationalisieren und so die Zertifizierung schneller, einfacher und zuverl\u00e4ssiger machen.<\/p>","protected":false},"featured_media":230,"comment_status":"open","ping_status":"closed","template":"","meta":{"_acf_changed":false},"product_brand":[],"product_cat":[19],"product_tag":[],"class_list":{"0":"post-189","1":"product","2":"type-product","3":"status-publish","4":"has-post-thumbnail","6":"product_cat-it-infra","8":"first","9":"instock","10":"virtual","11":"taxable","12":"purchasable","13":"product-type-simple"},"acf":[],"_links":{"self":[{"href":"https:\/\/itsparer.de\/de\/wp-json\/wp\/v2\/product\/189","targetHints":{"allow":["GET"]}}],"collection":[{"href":"https:\/\/itsparer.de\/de\/wp-json\/wp\/v2\/product"}],"about":[{"href":"https:\/\/itsparer.de\/de\/wp-json\/wp\/v2\/types\/product"}],"replies":[{"embeddable":true,"href":"https:\/\/itsparer.de\/de\/wp-json\/wp\/v2\/comments?post=189"}],"wp:featuredmedia":[{"embeddable":true,"href":"https:\/\/itsparer.de\/de\/wp-json\/wp\/v2\/media\/230"}],"wp:attachment":[{"href":"https:\/\/itsparer.de\/de\/wp-json\/wp\/v2\/media?parent=189"}],"wp:term":[{"taxonomy":"product_brand","embeddable":true,"href":"https:\/\/itsparer.de\/de\/wp-json\/wp\/v2\/product_brand?post=189"},{"taxonomy":"product_cat","embeddable":true,"href":"https:\/\/itsparer.de\/de\/wp-json\/wp\/v2\/product_cat?post=189"},{"taxonomy":"product_tag","embeddable":true,"href":"https:\/\/itsparer.de\/de\/wp-json\/wp\/v2\/product_tag?post=189"}],"curies":[{"name":"wp","href":"https:\/\/api.w.org\/{rel}","templated":true}]}}