{"id":265,"date":"2025-11-21T07:35:36","date_gmt":"2025-11-21T07:35:36","guid":{"rendered":"https:\/\/break.itsparer.de\/?post_type=product&#038;p=265"},"modified":"2026-01-25T18:33:42","modified_gmt":"2026-01-25T18:33:42","slug":"virtueller-desktop-oder-anwendung","status":"publish","type":"product","link":"https:\/\/itsparer.de\/de\/produkt\/virtueller-desktop-oder-anwendung\/","title":{"rendered":"Virtueller Desktop oder App"},"content":{"rendered":"<p><img loading=\"lazy\" decoding=\"async\" class=\"size-medium wp-image-2319 aligncenter\" src=\"https:\/\/itsparer.de\/wp-content\/uploads\/2025\/11\/dsgvo-gehostet-300x200.png\" alt=\"\" width=\"300\" height=\"200\" srcset=\"https:\/\/itsparer.de\/wp-content\/uploads\/2025\/11\/dsgvo-gehostet-300x200.png 300w, https:\/\/itsparer.de\/wp-content\/uploads\/2025\/11\/dsgvo-gehostet-1024x683.png 1024w, https:\/\/itsparer.de\/wp-content\/uploads\/2025\/11\/dsgvo-gehostet-768x512.png 768w, https:\/\/itsparer.de\/wp-content\/uploads\/2025\/11\/dsgvo-gehostet-18x12.png 18w, https:\/\/itsparer.de\/wp-content\/uploads\/2025\/11\/dsgvo-gehostet-600x400.png 600w, https:\/\/itsparer.de\/wp-content\/uploads\/2025\/11\/dsgvo-gehostet.png 1536w\" sizes=\"auto, (max-width: 300px) 100vw, 300px\" \/><\/p>\n<p>Sind Sie es leid, zu viel Geld f\u00fcr Ihre Virtual Desktop- oder App-L\u00f6sungen in verschiedenen Richtungen zu bezahlen?<\/p>\n<p>Jetzt bieten wir Ihnen eine Pauschalgeb\u00fchr pro Benutzer\/Monat<\/p>\n<p>Entspannen Sie sich, sparen Sie eine Menge Geld und M\u00fche und genie\u00dfen Sie leistungsstarke VDA-L\u00f6sungen.<\/p>\n<p>Keine Infrastrukturkosten mehr, erhalten Sie j\u00e4hrlich die neuesten Tech-Server ohne zus\u00e4tzliche Geb\u00fchren.<\/p>\n<p>Keine Lizenzierungsprobleme mehr, alle Lizenzen sind f\u00fcr Sie inbegriffen (Windows, Citrix, RDS Cals, Infrastruktur, Security Firewall und Tools)<\/p>\n<p>Keine Konformit\u00e4tsprobleme mehr, da unsere L\u00f6sung ISO27001-zertifiziert ist<\/p>\n<p>Keine IT-Experten mehr, die hohe Kosten verursachen und Probleme finden.<\/p>\n<p>Leistungsstarke 16Vcpu @2,8ghz, 64GB ram ,300gb Nvme Virtuelle Maschinen, die als Session Hosts f\u00fcr jeweils 10 Benutzer verwendet werden.<\/p>\n<p>Inklusive 100TB Cloud-Backup-Speicher<\/p>\n<p>Auf Ihren Wunsch hin kann Ihr Team Zugriff auf die Verwaltungskonsole, die virtuelle Maschine oder die Komponenten der Umgebung erhalten.<\/p>\n<p>Gesch\u00fctzt durch Azure MFA<\/p>\n<p>Einschlie\u00dflich aller erforderlichen Lizenzen, Infrastrukturkosten und Admin-Zugang<\/p>\n<p>W\u00e4hlen Sie Ihren gew\u00fcnschten Standort: Europ\u00e4ische Union (Deutschland), Vereinigtes K\u00f6nigreich, USA, Singapur, Indien, Japan, Australien<\/p>\n<p>f\u00fcr nur 60Euro\/Benutzer\/Monat<\/p>\n<p>&nbsp;<\/p>","protected":false},"excerpt":{"rendered":"<p>Virtueller Desktop oder App<\/p>","protected":false},"featured_media":427,"comment_status":"open","ping_status":"closed","template":"","meta":{"_acf_changed":false},"product_brand":[],"product_cat":[28],"product_tag":[],"class_list":{"0":"post-265","1":"product","2":"type-product","3":"status-publish","4":"has-post-thumbnail","6":"product_cat-virtualdesktoporapp","8":"first","9":"instock","10":"virtual","11":"taxable","12":"purchasable","13":"product-type-simple"},"acf":[],"_links":{"self":[{"href":"https:\/\/itsparer.de\/de\/wp-json\/wp\/v2\/product\/265","targetHints":{"allow":["GET"]}}],"collection":[{"href":"https:\/\/itsparer.de\/de\/wp-json\/wp\/v2\/product"}],"about":[{"href":"https:\/\/itsparer.de\/de\/wp-json\/wp\/v2\/types\/product"}],"replies":[{"embeddable":true,"href":"https:\/\/itsparer.de\/de\/wp-json\/wp\/v2\/comments?post=265"}],"wp:featuredmedia":[{"embeddable":true,"href":"https:\/\/itsparer.de\/de\/wp-json\/wp\/v2\/media\/427"}],"wp:attachment":[{"href":"https:\/\/itsparer.de\/de\/wp-json\/wp\/v2\/media?parent=265"}],"wp:term":[{"taxonomy":"product_brand","embeddable":true,"href":"https:\/\/itsparer.de\/de\/wp-json\/wp\/v2\/product_brand?post=265"},{"taxonomy":"product_cat","embeddable":true,"href":"https:\/\/itsparer.de\/de\/wp-json\/wp\/v2\/product_cat?post=265"},{"taxonomy":"product_tag","embeddable":true,"href":"https:\/\/itsparer.de\/de\/wp-json\/wp\/v2\/product_tag?post=265"}],"curies":[{"name":"wp","href":"https:\/\/api.w.org\/{rel}","templated":true}]}}