{"id":417,"date":"2025-12-01T09:41:26","date_gmt":"2025-12-01T09:41:26","guid":{"rendered":"https:\/\/break.itsparer.de\/?page_id=417"},"modified":"2026-03-30T12:52:23","modified_gmt":"2026-03-30T11:52:23","slug":"accueil-2","status":"publish","type":"page","link":"https:\/\/itsparer.de\/fr\/accueil-2\/","title":{"rendered":"hosting"},"content":{"rendered":"<section class=\"bde-section-417-100 bde-section\">\n  \n  \n\t\n\n\n\n<div class=\"section-container\"><div class=\"bde-checkmark-list-417-121 bde-checkmark-list\">\n<ul>\n  \n              \n              \n    <li>\n      <span class='bde-checkmark-list__icon bde-checkmark-list__icon_yes  bg-yes'>\n                  <svg xmlns=\"http:\/\/www.w3.org\/2000\/svg\" viewbox=\"0 0 24 24\"><path d=\"M18.71,7.21a1,1,0,0,0-1.42,0L9.84,14.67,6.71,11.53A1,1,0,1,0,5.29,13l3.84,3.84a1,1,0,0,0,1.42,0l8.16-8.16A1,1,0,0,0,18.71,7.21Z\"\/><\/svg>\n              <\/span>\n      <div >\n        Choisissez parmi nos serveurs h\u00e9berg\u00e9s haute performance et nos forfaits r\u00e9partis sur 9 sites dans le monde.<br>(Union europ\u00e9enne, Royaume-Uni, 3 sites aux \u00c9tats-Unis, Singapour, Inde, Japon et Australie). .\n      <\/div>\n\n    <\/li>\n\n  \n              \n              \n    <li>\n      <span class='bde-checkmark-list__icon bde-checkmark-list__icon_yes  bg-yes'>\n                  <svg xmlns=\"http:\/\/www.w3.org\/2000\/svg\" viewbox=\"0 0 24 24\"><path d=\"M18.71,7.21a1,1,0,0,0-1.42,0L9.84,14.67,6.71,11.53A1,1,0,1,0,5.29,13l3.84,3.84a1,1,0,0,0,1.42,0l8.16-8.16A1,1,0,0,0,18.71,7.21Z\"\/><\/svg>\n              <\/span>\n      <div >\n        Nous construisons votre infrastructure interconnect\u00e9e compl\u00e8te dans notre nuage, ce qui vous permet de b\u00e9n\u00e9ficier d'un environnement \u00e0 faible co\u00fbt, tr\u00e8s performant et sans maintenance.\n      <\/div>\n\n    <\/li>\n\n  \n              \n              \n    <li>\n      <span class='bde-checkmark-list__icon bde-checkmark-list__icon_yes  bg-yes'>\n                  <svg xmlns=\"http:\/\/www.w3.org\/2000\/svg\" viewbox=\"0 0 24 24\"><path d=\"M18.71,7.21a1,1,0,0,0-1.42,0L9.84,14.67,6.71,11.53A1,1,0,1,0,5.29,13l3.84,3.84a1,1,0,0,0,1.42,0l8.16-8.16A1,1,0,0,0,18.71,7.21Z\"\/><\/svg>\n              <\/span>\n      <div >\n        Take the complexity out of server management with our fully managed server solution. We handle everything\u2014from initial setup and configuration to ongoing monitoring, maintenance, and security\u2014covering web servers, email systems, VPNs, firewalls, and more. Whether you lack in-house technical expertise or want to free up your IT team for higher-value work, our service ensures your infrastructure runs smoothly, securely, and efficiently at all times. With proactive monitoring, regular updates, and expert support, you can focus on growing your business while we take care of the technology behind it.\n      <\/div>\n\n    <\/li>\n\n  <\/ul>\n\n<\/div><div class=\"bde-columns-417-103 bde-columns\"><div class=\"bde-column-417-104 bde-column\">\n  \n  \n\t\n\n\n\n<div class=\"bde-image-box-417-109 bde-image-box\">\n<div class=\"ee-imagebox-image\">\n  <img loading=\"lazy\" decoding=\"async\" class=\"breakdance-image-object\" src=\"https:\/\/itsparer.de\/wp-content\/uploads\/2025\/11\/webhostcat.jpg\" width=\"1024\" height=\"1024\" srcset=\"https:\/\/itsparer.de\/wp-content\/uploads\/2025\/11\/webhostcat.jpg 1024w, https:\/\/itsparer.de\/wp-content\/uploads\/2025\/11\/webhostcat-300x300.jpg 300w, https:\/\/itsparer.de\/wp-content\/uploads\/2025\/11\/webhostcat-150x150.jpg 150w, https:\/\/itsparer.de\/wp-content\/uploads\/2025\/11\/webhostcat-768x768.jpg 768w, https:\/\/itsparer.de\/wp-content\/uploads\/2025\/11\/webhostcat-600x600.jpg 600w\" sizes=\"auto, (max-width: 1024px) 100vw, 1024px\" alt=\"H\u00e9bergement web\">\n<\/div>\n<div class=\"ee-imagebox-content\">\n      <h5 class=\"ee-imagebox-title bde-h3\" >Paquets Web<\/h5>\n    \n      <div class=\"ee-imagebox-text\" >B\u00e9n\u00e9ficiez d'un h\u00e9bergement web fiable et riche en fonctionnalit\u00e9s avec nos formules Premium et Essential. Tous deux comprennent Plesk Panel, un AI Web Builder, un trafic illimit\u00e9, des bases de donn\u00e9es, des courriels, des sous-domaines et un domaine .com, .net ou .de gratuit. L'offre Premium propose 100 Go de stockage pour les projets plus importants, tandis que l'offre Essential propose 10 Go pour les sites plus petits. Profitez de la prise en charge de WordPress, Laravel, Node.js, ASP.NET Core et de plusieurs versions de PHP - tout ce dont vous avez besoin pour lancer et d\u00e9velopper votre site web en toute simplicit\u00e9.<br><\/div>\n    \n          \n                                    \n    \n    \n    \n    \n            \n                    \n            \n            \n\n    \n    \n    \n    \n    \n    <a class=\"breakdance-link button-atom button-atom--primary ee-imagebox-button\" href=\"https:\/\/itsparer.de\/fr\/?product_cat=webhosting\" target=\"_self\" data-type=\"url\"  >\n\n    \n        <span class=\"button-atom__text\">En savoir plus<\/span>\n\n        \n        \n                <\/a>\n\n    \n\n  <\/div>\n\n<\/div>\n<\/div><div class=\"bde-column-417-105 bde-column\">\n  \n  \n\t\n\n\n\n<div class=\"bde-image-box-417-110 bde-image-box\">\n<div class=\"ee-imagebox-image\">\n  <img loading=\"lazy\" decoding=\"async\" class=\"breakdance-image-object\" src=\"https:\/\/itsparer.de\/wp-content\/uploads\/2025\/10\/VPS.jpg\" width=\"1024\" height=\"1024\" srcset=\"https:\/\/itsparer.de\/wp-content\/uploads\/2025\/10\/VPS.jpg 1024w, https:\/\/itsparer.de\/wp-content\/uploads\/2025\/10\/VPS-300x300.jpg 300w, https:\/\/itsparer.de\/wp-content\/uploads\/2025\/10\/VPS-150x150.jpg 150w, https:\/\/itsparer.de\/wp-content\/uploads\/2025\/10\/VPS-768x768.jpg 768w, https:\/\/itsparer.de\/wp-content\/uploads\/2025\/10\/VPS-600x600.jpg 600w\" sizes=\"auto, (max-width: 1024px) 100vw, 1024px\" alt=\"VPS\">\n<\/div>\n<div class=\"ee-imagebox-content\">\n      <h5 class=\"ee-imagebox-title bde-h3\" >Machines virtuelles<\/h5>\n    \n      <div class=\"ee-imagebox-text\" >D\u00e9couvrez des machines virtuelles cloud hautes performances et \u00e9volutives, con\u00e7ues pour les charges de travail exigeantes. Notre cat\u00e9gorie Cloud Virtual offre une gamme d'options VM (de 3 \u00e0 18 c\u0153urs vCPU et jusqu'\u00e0 96 Go de RAM) associ\u00e9es \u00e0 un stockage NVMe rapide, \u00e0 des allocations de trafic g\u00e9n\u00e9reuses, \u00e0 des sauvegardes quotidiennes et \u00e0 la prise en charge des instantan\u00e9s. Profitez de configurations flexibles, d'une connectivit\u00e9 fiable (jusqu'\u00e0 1 Gbit\/s) et d'un trafic entrant illimit\u00e9, ce qui facilite l'alimentation des sites web, des applications et des solutions d'entreprise en toute confiance<\/div>\n    \n          \n                                    \n    \n    \n    \n    \n            \n                    \n            \n            \n\n    \n    \n    \n    \n    \n    <a class=\"breakdance-link button-atom button-atom--primary ee-imagebox-button\" href=\"https:\/\/itsparer.de\/fr\/?product_cat=cvm\" target=\"_self\" data-type=\"url\"  >\n\n    \n        <span class=\"button-atom__text\">En savoir plus<\/span>\n\n        \n        \n                <\/a>\n\n    \n\n  <\/div>\n\n<\/div>\n<\/div><\/div><div class=\"bde-columns-417-113 bde-columns\"><div class=\"bde-column-417-114 bde-column\">\n  \n  \n\t\n\n\n\n<div class=\"bde-image-box-417-111 bde-image-box\">\n<div class=\"ee-imagebox-image\">\n  <img loading=\"lazy\" decoding=\"async\" class=\"breakdance-image-object\" src=\"https:\/\/itsparer.de\/wp-content\/uploads\/2025\/10\/VDS.jpg\" width=\"1024\" height=\"1024\" srcset=\"https:\/\/itsparer.de\/wp-content\/uploads\/2025\/10\/VDS.jpg 1024w, https:\/\/itsparer.de\/wp-content\/uploads\/2025\/10\/VDS-300x300.jpg 300w, https:\/\/itsparer.de\/wp-content\/uploads\/2025\/10\/VDS-150x150.jpg 150w, https:\/\/itsparer.de\/wp-content\/uploads\/2025\/10\/VDS-768x768.jpg 768w, https:\/\/itsparer.de\/wp-content\/uploads\/2025\/10\/VDS-600x600.jpg 600w\" sizes=\"auto, (max-width: 1024px) 100vw, 1024px\" alt=\"Serveur d\u00e9di\u00e9 virtuel\">\n<\/div>\n<div class=\"ee-imagebox-content\">\n      <h5 class=\"ee-imagebox-title bde-h3\" >Serveurs d\u00e9di\u00e9s virtuels<\/h5>\n    \n      <div class=\"ee-imagebox-text\" >D\u00e9bloquez des performances puissantes et un contr\u00f4le total avec nos serveurs d\u00e9di\u00e9s virtuels, dot\u00e9s de c\u0153urs physiques AMD EPYC d\u00e9di\u00e9s, d'un stockage NVMe \u00e0 grande vitesse et d'une RAM g\u00e9n\u00e9reuse. Chaque serveur offre une connectivit\u00e9 fiable, des options de stockage \u00e9volutives et des allocations de trafic \u00e9lev\u00e9es, id\u00e9ales pour les applications exigeantes, l'h\u00e9bergement d'entreprise et la virtualisation. Profitez d'une s\u00e9curit\u00e9 de niveau entreprise, d'un traitement avanc\u00e9 et de la flexibilit\u00e9 n\u00e9cessaire pour \u00e9voluer en fonction de vos besoins.<\/div>\n    \n          \n                                    \n    \n    \n    \n    \n            \n                    \n            \n            \n\n    \n    \n    \n    \n    \n    <a class=\"breakdance-link button-atom button-atom--primary ee-imagebox-button\" href=\"https:\/\/itsparer.de\/fr\/?product_cat=vds\" target=\"_self\" data-type=\"url\"  >\n\n    \n        <span class=\"button-atom__text\">En savoir plus<\/span>\n\n        \n        \n                <\/a>\n\n    \n\n  <\/div>\n\n<\/div>\n<\/div><div class=\"bde-column-417-115 bde-column\">\n  \n  \n\t\n\n\n\n<div class=\"bde-image-box-417-112 bde-image-box\">\n<div class=\"ee-imagebox-image\">\n  <img loading=\"lazy\" decoding=\"async\" class=\"breakdance-image-object\" src=\"https:\/\/itsparer.de\/wp-content\/uploads\/2025\/11\/dedicatedServer.jpg\" width=\"1024\" height=\"1024\" srcset=\"https:\/\/itsparer.de\/wp-content\/uploads\/2025\/11\/dedicatedServer.jpg 1024w, https:\/\/itsparer.de\/wp-content\/uploads\/2025\/11\/dedicatedServer-300x300.jpg 300w, https:\/\/itsparer.de\/wp-content\/uploads\/2025\/11\/dedicatedServer-150x150.jpg 150w, https:\/\/itsparer.de\/wp-content\/uploads\/2025\/11\/dedicatedServer-768x768.jpg 768w, https:\/\/itsparer.de\/wp-content\/uploads\/2025\/11\/dedicatedServer-600x600.jpg 600w\" sizes=\"auto, (max-width: 1024px) 100vw, 1024px\" alt=\"Serveur d\u00e9di\u00e9\">\n<\/div>\n<div class=\"ee-imagebox-content\">\n      <h5 class=\"ee-imagebox-title bde-h3\" >Serveurs d\u00e9di\u00e9s Bare Metal<\/h5>\n    \n      <div class=\"ee-imagebox-text\" >B\u00e9n\u00e9ficiez de performances sans compromis et d'un contr\u00f4le total du mat\u00e9riel avec nos serveurs d\u00e9di\u00e9s Bare Metal. Aliment\u00e9s par les derniers processeurs AMD Ryzen et EPYC, ces serveurs offrent des ressources brutes et d\u00e9di\u00e9es, id\u00e9ales pour le calcul haute performance, les charges de travail d'entreprise et les applications exigeantes. Profitez de jusqu'\u00e0 64 c\u0153urs physiques, d'une \u00e9volutivit\u00e9 massive de la RAM, d'un stockage NVMe ultra-rapide, d'un trafic illimit\u00e9 et de ports \u00e0 grande vitesse. Parfait pour les entreprises qui ont besoin d'une puissance, d'une fiabilit\u00e9 et d'une personnalisation maximales sans frais g\u00e9n\u00e9raux de virtualisation. <\/div>\n    \n          \n                                    \n    \n    \n    \n    \n            \n                    \n            \n            \n\n    \n    \n    \n    \n    \n    <a class=\"breakdance-link button-atom button-atom--primary ee-imagebox-button\" href=\"https:\/\/itsparer.de\/fr\/?product_cat=bare-dedicated-servers\" target=\"_self\" data-type=\"url\"  >\n\n    \n        <span class=\"button-atom__text\">En savoir plus<\/span>\n\n        \n        \n                <\/a>\n\n    \n\n  <\/div>\n\n<\/div>\n<\/div><\/div><div class=\"bde-image-box-417-119 bde-image-box\">\n<div class=\"ee-imagebox-image\">\n  <img loading=\"lazy\" decoding=\"async\" class=\"breakdance-image-object\" src=\"https:\/\/itsparer.de\/wp-content\/uploads\/2025\/11\/virtualdeskapp.jpg\" width=\"1536\" height=\"1024\" srcset=\"https:\/\/itsparer.de\/wp-content\/uploads\/2025\/11\/virtualdeskapp.jpg 1536w, https:\/\/itsparer.de\/wp-content\/uploads\/2025\/11\/virtualdeskapp-300x200.jpg 300w, https:\/\/itsparer.de\/wp-content\/uploads\/2025\/11\/virtualdeskapp-1024x683.jpg 1024w, https:\/\/itsparer.de\/wp-content\/uploads\/2025\/11\/virtualdeskapp-768x512.jpg 768w, https:\/\/itsparer.de\/wp-content\/uploads\/2025\/11\/virtualdeskapp-600x400.jpg 600w\" sizes=\"auto, (max-width: 1536px) 100vw, 1536px\" alt=\"Bureau virtuel ou application\">\n<\/div>\n<div class=\"ee-imagebox-content\">\n      <h5 class=\"ee-imagebox-title bde-h3\" >Bureau virtuel\/application<\/h5>\n    \n      <div class=\"ee-imagebox-text\" >Vous en avez assez de payer trop cher pour vos solutions de bureau virtuel ou d'application dans diff\u00e9rentes directions ?  D\u00e9sormais, nous vous proposons un tarif forfaitaire par utilisateur et par mois. D\u00e9tendez-vous, \u00e9conomisez beaucoup et profitez de solutions VDA de haute performance.<\/div>\n    \n          \n                                    \n    \n    \n    \n    \n            \n                    \n            \n            \n\n    \n    \n    \n    \n    \n    <a class=\"breakdance-link button-atom button-atom--primary ee-imagebox-button\" href=\"https:\/\/itsparer.de\/fr\/?product=virtual-desktop-or-app\" target=\"_self\" data-type=\"url\"  >\n\n    \n        <span class=\"button-atom__text\">En savoir plus<\/span>\n\n        \n        \n                <\/a>\n\n    \n\n  <\/div>\n\n<\/div><\/div>\n<\/section>","protected":false},"excerpt":{"rendered":"<p>Choose From our High Performance managed Hosted Servers and Packages Spread in 9 Locations around the world.(Europe Union ,UK ,3 Locations in the US ,Singapore,India ,Japan and Australia) . We build your Full interconnected Infrastructure in our cloud allowing you to benefit from low cost ,high performancce no maintenance environment. Take the complexity out of [&hellip;]<\/p>","protected":false},"author":1,"featured_media":0,"parent":0,"menu_order":0,"comment_status":"closed","ping_status":"closed","template":"","meta":{"_acf_changed":false,"_breakdance_hide_in_design_set":false,"_breakdance_tags":"","footnotes":""},"class_list":["post-417","page","type-page","status-publish","hentry"],"acf":[],"_links":{"self":[{"href":"https:\/\/itsparer.de\/fr\/wp-json\/wp\/v2\/pages\/417","targetHints":{"allow":["GET"]}}],"collection":[{"href":"https:\/\/itsparer.de\/fr\/wp-json\/wp\/v2\/pages"}],"about":[{"href":"https:\/\/itsparer.de\/fr\/wp-json\/wp\/v2\/types\/page"}],"author":[{"embeddable":true,"href":"https:\/\/itsparer.de\/fr\/wp-json\/wp\/v2\/users\/1"}],"replies":[{"embeddable":true,"href":"https:\/\/itsparer.de\/fr\/wp-json\/wp\/v2\/comments?post=417"}],"version-history":[{"count":14,"href":"https:\/\/itsparer.de\/fr\/wp-json\/wp\/v2\/pages\/417\/revisions"}],"predecessor-version":[{"id":5303,"href":"https:\/\/itsparer.de\/fr\/wp-json\/wp\/v2\/pages\/417\/revisions\/5303"}],"wp:attachment":[{"href":"https:\/\/itsparer.de\/fr\/wp-json\/wp\/v2\/media?parent=417"}],"curies":[{"name":"wp","href":"https:\/\/api.w.org\/{rel}","templated":true}]}}