{"id":450,"date":"2025-11-21T15:16:52","date_gmt":"2025-11-21T15:16:52","guid":{"rendered":"https:\/\/break.itsparer.de\/?page_id=450"},"modified":"2026-04-15T18:43:04","modified_gmt":"2026-04-15T17:43:04","slug":"contact","status":"publish","type":"page","link":"https:\/\/itsparer.de\/fr\/contact\/","title":{"rendered":"contact"},"content":{"rendered":"<section class=\"bde-section-450-116 bde-section\">\n  \n  \n\t\n\n\n\n<div class=\"section-container\"><div class=\"bde-columns-450-126 bde-columns\"><div class=\"bde-column-450-127 bde-column\">\n  \n  \n\t\n\n\n\n<div class=\"bde-google-map-450-128 bde-google-map\">\r\n<iframe width=\"100%\" height=\"100%\" style=\"border:0\" loading=\"lazy\" title=\"Carte\" src=\"https:\/\/www.google.com\/maps\/embed\/v1\/place?key=AIzaSyBYTGfHn8QLEGt_8B09psPoQhZ8G0xhZW0&q=Ludwig+Krause+Stra%C3%9Fe+3a+%2C18146+%2CRostock&zoom=11&maptype=roadmap\" allowfullscreen><\/iframe>\n<\/div>\n<\/div><div class=\"bde-column-450-129 bde-column\">\n  \n  \n\t\n\n\n\n<h2 class=\"bde-heading-450-130 bde-heading\">\nContact US\n<\/h2><div class=\"bde-text-450-131 bde-text txtclr\">\nEnvoyez-nous un message pour toute question commerciale ou de vente, pour les questions d'assistance, veuillez utiliser la section d'assistance.\n<\/div><div class=\"bde-form-builder-450-132 bde-form-builder\">\n\n<form id=\"contact-form132\" class=\"breakdance-form breakdance-form--vertical\" data-options=\"{&quot;slug&quot;:&quot;custom&quot;,&quot;name&quot;:&quot;Contact Form&quot;,&quot;ajaxUrl&quot;:&quot;https:\\\/\\\/itsparer.de\\\/wp-admin\\\/admin-ajax.php&quot;,&quot;clearOnSuccess&quot;:true,&quot;hideOnSuccess&quot;:false,&quot;successMessage&quot;:&quot;Your message has been received!&quot;,&quot;errorMessage&quot;:&quot;Something went wrong&quot;,&quot;redirect&quot;:false,&quot;redirectUrl&quot;:&quot;&quot;,&quot;customJavaScript&quot;:&quot;&quot;,&quot;recaptcha&quot;:{&quot;key&quot;:&quot;&quot;,&quot;enabled&quot;:false},&quot;honeypot_enabled&quot;:false,&quot;popupsOnSuccess&quot;:[],&quot;popupsOnError&quot;:[]}\" data-steps=\"0\" action=\"\" >\n  \n  \n  \n<div class=\"breakdance-form-field breakdance-form-field--text\" >\n    \n    \n            <label class=\"breakdance-form-field__label\" for=\"name\">\n            Nom<span class=\"breakdance-form-field__required\">*<\/span>\n        <\/label>\n    \n    <input\n    class=\"breakdance-form-field__input\"\n    id=\"name\"\n    aria-describedby=\"name\"\n    type=\"text\"\n    name=\"fields[name]\"\n    placeholder=\"Pr\u00e9nom\"\n    value=\"\"\n                \n        \n        \n    required\n>\n\n\n    \n    \n<\/div>\n\n\n<div class=\"breakdance-form-field breakdance-form-field--tel\" >\n    \n    \n            <label class=\"breakdance-form-field__label\" for=\"tjbpzg\">\n            Num\u00e9ro de t\u00e9l\u00e9phone<span class=\"breakdance-form-field__required\">*<\/span>\n        <\/label>\n    \n    <input\n    class=\"breakdance-form-field__input\"\n    id=\"tjbpzg\"\n    aria-describedby=\"tjbpzg\"\n    type=\"tel\"\n    name=\"fields[tjbpzg]\"\n    placeholder=\"Num\u00e9ro de t\u00e9l\u00e9phone\"\n    value=\"\"\n                \n        \n        \n    required\n>\n\n\n    \n    \n<\/div>\n\n\n<div class=\"breakdance-form-field breakdance-form-field--email\" >\n    \n    \n            <label class=\"breakdance-form-field__label\" for=\"email\">\n            Courriel<span class=\"breakdance-form-field__required\">*<\/span>\n        <\/label>\n    \n    <input\n    class=\"breakdance-form-field__input\"\n    id=\"email\"\n    aria-describedby=\"email\"\n    type=\"email\"\n    name=\"fields[email]\"\n    placeholder=\"Courriel\"\n    value=\"\"\n                \n        \n        \n    required\n>\n\n\n    \n    \n<\/div>\n\n\n<div class=\"breakdance-form-field breakdance-form-field--text\" >\n    \n    \n            <label class=\"breakdance-form-field__label\" for=\"rcsdni\">\n            Sujet<span class=\"breakdance-form-field__required\">*<\/span>\n        <\/label>\n    \n    <input\n    class=\"breakdance-form-field__input\"\n    id=\"rcsdni\"\n    aria-describedby=\"rcsdni\"\n    type=\"text\"\n    name=\"fields[rcsdni]\"\n    placeholder=\"Sujet\"\n    value=\"\"\n                \n        \n        \n    required\n>\n\n\n    \n    \n<\/div>\n\n\n<div class=\"breakdance-form-field breakdance-form-field--textarea\" >\n    \n    \n            <label class=\"breakdance-form-field__label\" for=\"message\">\n            Message<span class=\"breakdance-form-field__required\">*<\/span>\n        <\/label>\n    \n    <textarea\n    class=\"breakdance-form-field__input\"\n    id=\"message\"\n    aria-describedby=\"message\"\n    type=\"textarea\"\n    name=\"fields[message]\"\n        rows=\"6\"\n        placeholder=\"Votre message\"\n    required\n>\n<\/textarea>\n\n\n    \n    \n<\/div>\n\n\n  \n\n<div class=\"breakdance-form-field breakdance-form-footer\">\n    \n    \n                                    \n    \n    \n    \n    \n            \n            <button type=\"submit\" class=\"button-atom button-atom--primary breakdance-form-button breakdance-form-button__submit\"  >\n    \n        <span class=\"button-atom__text\">Envoyer un message<\/span>\n\n        \n        \n            <\/button>\n    \n    <input type=\"hidden\" name=\"form_id\" value=\"132\">\n    <input type=\"hidden\" name=\"post_id\" value=\"450\">\n<\/div>\n\n  \n<input type=\"hidden\" name=\"trp-form-language\" value=\"fr\"\/><\/form>\n\n\n<\/div>\n<\/div><\/div><\/div>\n<\/section>","protected":false},"excerpt":{"rendered":"<p>Contact US Send US message for any Business related or sales Matter ,for support questions ,kindly use the Support Section. Name* Phone Number* Email* Subject* Message* Send message<\/p>","protected":false},"author":1,"featured_media":0,"parent":0,"menu_order":0,"comment_status":"closed","ping_status":"closed","template":"","meta":{"_acf_changed":false,"_breakdance_hide_in_design_set":false,"_breakdance_tags":"","footnotes":""},"class_list":["post-450","page","type-page","status-publish","hentry"],"acf":[],"_links":{"self":[{"href":"https:\/\/itsparer.de\/fr\/wp-json\/wp\/v2\/pages\/450","targetHints":{"allow":["GET"]}}],"collection":[{"href":"https:\/\/itsparer.de\/fr\/wp-json\/wp\/v2\/pages"}],"about":[{"href":"https:\/\/itsparer.de\/fr\/wp-json\/wp\/v2\/types\/page"}],"author":[{"embeddable":true,"href":"https:\/\/itsparer.de\/fr\/wp-json\/wp\/v2\/users\/1"}],"replies":[{"embeddable":true,"href":"https:\/\/itsparer.de\/fr\/wp-json\/wp\/v2\/comments?post=450"}],"version-history":[{"count":9,"href":"https:\/\/itsparer.de\/fr\/wp-json\/wp\/v2\/pages\/450\/revisions"}],"predecessor-version":[{"id":5500,"href":"https:\/\/itsparer.de\/fr\/wp-json\/wp\/v2\/pages\/450\/revisions\/5500"}],"wp:attachment":[{"href":"https:\/\/itsparer.de\/fr\/wp-json\/wp\/v2\/media?parent=450"}],"curies":[{"name":"wp","href":"https:\/\/api.w.org\/{rel}","templated":true}]}}