{"id":144,"date":"2025-11-10T13:10:15","date_gmt":"2025-11-10T13:10:15","guid":{"rendered":"https:\/\/break.itsparer.de\/?post_type=product&#038;p=144"},"modified":"2025-11-17T08:55:06","modified_gmt":"2025-11-17T08:55:06","slug":"magasin-en-ligne","status":"publish","type":"product","link":"https:\/\/itsparer.de\/fr\/produit\/magasin-en-ligne\/","title":{"rendered":"Boutique en ligne"},"content":{"rendered":"<p><span class=\"_1vwisb38\" data-testid=\"youchat-text\">Notre solution de boutique en ligne vous permet de lancer, de g\u00e9rer et de d\u00e9velopper votre activit\u00e9 num\u00e9rique en toute simplicit\u00e9. Con\u00e7ue pour les entreprises de toutes tailles, notre plateforme offre une exp\u00e9rience d'achat transparente \u00e0 vos clients et des outils de gestion robustes pour vous. <\/span><span class=\"_1vwisb38\" data-testid=\"youchat-text\">Gr\u00e2ce \u00e0 une vitrine personnalisable, vous pouvez pr\u00e9senter vos produits d'une mani\u00e8re visuellement attrayante et organis\u00e9e. Notre plateforme prend en charge un catalogue de produits complet, vous permettant d'ajouter des descriptions d\u00e9taill\u00e9es, des images, des prix et des niveaux de stock pour chaque article. Les clients peuvent facilement parcourir, rechercher et filtrer les produits pour trouver exactement ce dont ils ont besoin. <\/span><span class=\"_1vwisb38\" data-testid=\"youchat-text\">Le panier d'achat int\u00e9gr\u00e9 et le processus de paiement s\u00e9curis\u00e9 garantissent une exp\u00e9rience d'achat fluide et fiable. Plusieurs passerelles de paiement sont prises en charge, offrant \u00e0 vos clients flexibilit\u00e9 et tranquillit\u00e9 d'esprit. Vous pouvez \u00e9galement g\u00e9rer les commandes, suivre les exp\u00e9ditions et g\u00e9rer les retours de mani\u00e8re efficace \u00e0 partir d'un tableau de bord centralis\u00e9. <\/span><span class=\"_1vwisb38\" data-testid=\"youchat-text\">Notre boutique en ligne comprend des outils de marketing tels que des codes de r\u00e9duction, des campagnes d'e-mailing et des analyses pour vous aider \u00e0 attirer et \u00e0 fid\u00e9liser les clients. La plateforme est adapt\u00e9e aux mobiles, ce qui garantit que votre boutique est belle et fonctionne parfaitement sur n'importe quel appareil. <\/span><span class=\"_1vwisb38\" data-testid=\"youchat-text\">Que vous vendiez des biens physiques, des produits num\u00e9riques ou des services, notre boutique en ligne vous offre tout ce dont vous avez besoin pour r\u00e9ussir dans le monde comp\u00e9titif du commerce \u00e9lectronique. Vous b\u00e9n\u00e9ficiez d'une assistance Premium, de mises \u00e0 jour r\u00e9guli\u00e8res et d'une flexibilit\u00e9 qui vous permet de vous adapter \u00e0 la croissance de votre entreprise.<\/span><\/p>\n<p><span class=\"_1vwisb38\" data-testid=\"youchat-text\"><strong>Caract\u00e9ristiques principales :<\/strong><\/span><\/p>\n<ul class=\"_1vwisb37\">\n<li class=\"f7g24p0\" translate=\"no\">Conception personnalisable de la vitrine<\/li>\n<li class=\"f7g24p0\" translate=\"no\">Gestion d\u00e9taill\u00e9e du catalogue de produits<\/li>\n<li class=\"f7g24p0\" translate=\"no\">Panier d'achat et paiement s\u00e9curis\u00e9s<\/li>\n<li class=\"f7g24p0\" translate=\"no\">Options de paiement multiples<\/li>\n<li class=\"f7g24p0\" translate=\"no\">Gestion des commandes et des stocks<\/li>\n<li class=\"f7g24p0\" translate=\"no\">Outils de marketing et d'analyse<\/li>\n<li class=\"f7g24p0\" translate=\"no\">Conception adapt\u00e9e aux mobiles<\/li>\n<li class=\"f7g24p0\" translate=\"no\">H\u00e9bergement \u00e9volutif et fiable<\/li>\n<\/ul>\n<p><span class=\"_1vwisb38\" data-testid=\"youchat-text\">Commencez d\u00e8s aujourd'hui \u00e0 d\u00e9velopper votre marque et \u00e0 atteindre de nouveaux clients gr\u00e2ce \u00e0 notre solution compl\u00e8te de boutique en ligne.<\/span><\/p>","protected":false},"excerpt":{"rendered":"<p>Lancez votre propre boutique en ligne professionnelle avec un design personnalisable, une caisse s\u00e9curis\u00e9e et des outils puissants pour g\u00e9rer les produits, les commandes et les paiements, le tout sur une plateforme facile \u00e0 utiliser.<\/p>","protected":false},"featured_media":240,"comment_status":"open","ping_status":"closed","template":"","meta":{"_acf_changed":false},"product_brand":[],"product_cat":[21],"product_tag":[],"class_list":{"0":"post-144","1":"product","2":"type-product","3":"status-publish","4":"has-post-thumbnail","6":"product_cat-web-onlineshop-mobileapps","8":"first","9":"instock","10":"featured","11":"taxable","12":"shipping-taxable","13":"purchasable","14":"product-type-simple"},"acf":[],"_links":{"self":[{"href":"https:\/\/itsparer.de\/fr\/wp-json\/wp\/v2\/product\/144","targetHints":{"allow":["GET"]}}],"collection":[{"href":"https:\/\/itsparer.de\/fr\/wp-json\/wp\/v2\/product"}],"about":[{"href":"https:\/\/itsparer.de\/fr\/wp-json\/wp\/v2\/types\/product"}],"replies":[{"embeddable":true,"href":"https:\/\/itsparer.de\/fr\/wp-json\/wp\/v2\/comments?post=144"}],"wp:featuredmedia":[{"embeddable":true,"href":"https:\/\/itsparer.de\/fr\/wp-json\/wp\/v2\/media\/240"}],"wp:attachment":[{"href":"https:\/\/itsparer.de\/fr\/wp-json\/wp\/v2\/media?parent=144"}],"wp:term":[{"taxonomy":"product_brand","embeddable":true,"href":"https:\/\/itsparer.de\/fr\/wp-json\/wp\/v2\/product_brand?post=144"},{"taxonomy":"product_cat","embeddable":true,"href":"https:\/\/itsparer.de\/fr\/wp-json\/wp\/v2\/product_cat?post=144"},{"taxonomy":"product_tag","embeddable":true,"href":"https:\/\/itsparer.de\/fr\/wp-json\/wp\/v2\/product_tag?post=144"}],"curies":[{"name":"wp","href":"https:\/\/api.w.org\/{rel}","templated":true}]}}