{"id":146,"date":"2025-11-10T13:10:15","date_gmt":"2025-11-10T13:10:15","guid":{"rendered":"https:\/\/break.itsparer.de\/?post_type=product&#038;p=146"},"modified":"2025-11-10T13:10:15","modified_gmt":"2025-11-10T13:10:15","slug":"heberge-ip-pbx","status":"publish","type":"product","link":"https:\/\/itsparer.de\/fr\/produit\/heberge-ip-pbx\/","title":{"rendered":"PBX IP h\u00e9berg\u00e9"},"content":{"rendered":"<p><span class=\"_1vwisb38\" data-testid=\"youchat-text\"><strong>Renforcez les communications de votre entreprise gr\u00e2ce \u00e0 notre solution PBX IP h\u00e9berg\u00e9e, con\u00e7ue pour la flexibilit\u00e9, l'\u00e9volutivit\u00e9 et la rentabilit\u00e9.<\/strong><br \/>\nChoisissez la solution qui convient le mieux \u00e0 votre organisation avec des packs d'utilisateurs disponibles pour 25, 50, 70, 120, 160 ou 200 utilisateurs. <\/span><span class=\"_1vwisb38\" data-testid=\"youchat-text\">Notre PBX IP h\u00e9berg\u00e9 offre un syst\u00e8me t\u00e9l\u00e9phonique robuste de niveau professionnel dans le nuage, \u00e9liminant ainsi le besoin de mat\u00e9riel sur site et de maintenance complexe. Vous b\u00e9n\u00e9ficiez de fonctions avanc\u00e9es de gestion des appels, d'une messagerie vocale, de files d'attente, de menus interactifs et bien plus encore, le tout accessible depuis n'importe quel endroit disposant d'une connexion Internet. <\/span><\/p>\n<p><span class=\"_1vwisb38\" data-testid=\"youchat-text\">Cl\u00e9<\/span><span class=\"_1vwisb38\" data-testid=\"youchat-text\"><strong>\u00a0Caract\u00e9ristiques :<\/strong><\/span><\/p>\n<ul class=\"_1vwisb37\">\n<li class=\"f7g24p0\" translate=\"no\"><strong>Paquets d'utilisateurs flexibles :<\/strong>\u00a0Choisissez le plan qui correspond \u00e0 la taille de votre \u00e9quipe, avec une \u00e9volutivit\u00e9 transparente au fur et \u00e0 mesure que votre entreprise se d\u00e9veloppe.<\/li>\n<li class=\"f7g24p0\" translate=\"no\"><strong>Apportez votre propre tronc SIP :<\/strong>\u00a0Gardez le contr\u00f4le de vos co\u00fbts de t\u00e9l\u00e9communications en connectant votre ligne SIP existante ou laissez-nous vous aider \u00e0 en cr\u00e9er une nouvelle.<\/li>\n<li class=\"f7g24p0\" translate=\"no\"><strong>Paquets de minutes comp\u00e9titifs :<\/strong>\u00a0Choisissez parmi une gamme de forfaits d'appels internationaux et locaux adapt\u00e9s \u00e0 vos besoins, afin d'obtenir le meilleur rapport qualit\u00e9-prix pour vos besoins de communication.<\/li>\n<li class=\"f7g24p0\" translate=\"no\"><strong>Fiabilit\u00e9 de l'informatique en nuage :<\/strong>\u00a0B\u00e9n\u00e9ficiez d'une haute disponibilit\u00e9, de mises \u00e0 jour automatiques et d'un h\u00e9bergement s\u00e9curis\u00e9 dans le nuage - aucun serveur sur site n'est n\u00e9cessaire.<\/li>\n<li class=\"f7g24p0\" translate=\"no\"><strong>Gestion facile :<\/strong>\u00a0La gestion intuitive bas\u00e9e sur le web facilite l'ajout d'utilisateurs, la configuration des flux d'appels et le contr\u00f4le des performances du syst\u00e8me.<\/li>\n<\/ul>\n<p>A partir de seulement 3\u20ac\/Utilisateur\/Mois<\/p>\n<p>Inscrivez-vous pour 30 jours d'essai<\/p>","protected":false},"excerpt":{"rendered":"<p><strong>Que vous soyez une petite entreprise ou une soci\u00e9t\u00e9 en pleine expansion, notre PBX IP h\u00e9berg\u00e9 s'adapte \u00e0 vos besoins et vous offre une plateforme de communication professionnelle, fiable et riche en fonctionnalit\u00e9s. Contactez-nous d\u00e8s aujourd'hui pour discuter de vos besoins et d\u00e9couvrir comment nous pouvons vous aider \u00e0 optimiser les communications de votre entreprise.<\/strong><\/p>","protected":false},"featured_media":219,"comment_status":"open","ping_status":"closed","template":"","meta":{"_acf_changed":false},"product_brand":[],"product_cat":[20],"product_tag":[],"class_list":{"0":"post-146","1":"product","2":"type-product","3":"status-publish","4":"has-post-thumbnail","6":"product_cat-iptelephony","8":"first","9":"instock","10":"featured","11":"taxable","12":"shipping-taxable","13":"purchasable","14":"product-type-variable","15":"has-default-attributes"},"acf":[],"_links":{"self":[{"href":"https:\/\/itsparer.de\/fr\/wp-json\/wp\/v2\/product\/146","targetHints":{"allow":["GET"]}}],"collection":[{"href":"https:\/\/itsparer.de\/fr\/wp-json\/wp\/v2\/product"}],"about":[{"href":"https:\/\/itsparer.de\/fr\/wp-json\/wp\/v2\/types\/product"}],"replies":[{"embeddable":true,"href":"https:\/\/itsparer.de\/fr\/wp-json\/wp\/v2\/comments?post=146"}],"wp:featuredmedia":[{"embeddable":true,"href":"https:\/\/itsparer.de\/fr\/wp-json\/wp\/v2\/media\/219"}],"wp:attachment":[{"href":"https:\/\/itsparer.de\/fr\/wp-json\/wp\/v2\/media?parent=146"}],"wp:term":[{"taxonomy":"product_brand","embeddable":true,"href":"https:\/\/itsparer.de\/fr\/wp-json\/wp\/v2\/product_brand?post=146"},{"taxonomy":"product_cat","embeddable":true,"href":"https:\/\/itsparer.de\/fr\/wp-json\/wp\/v2\/product_cat?post=146"},{"taxonomy":"product_tag","embeddable":true,"href":"https:\/\/itsparer.de\/fr\/wp-json\/wp\/v2\/product_tag?post=146"}],"curies":[{"name":"wp","href":"https:\/\/api.w.org\/{rel}","templated":true}]}}