{"id":156,"date":"2025-11-16T09:50:03","date_gmt":"2025-11-16T09:50:03","guid":{"rendered":"https:\/\/break.itsparer.de\/?post_type=product&#038;p=156"},"modified":"2025-11-16T09:50:03","modified_gmt":"2025-11-16T09:50:03","slug":"conference-telephonique","status":"publish","type":"product","link":"https:\/\/itsparer.de\/fr\/produit\/conference-telephonique\/","title":{"rendered":"Conf\u00e9rence t\u00e9l\u00e9phonique"},"content":{"rendered":"<p>For only 0.10\/Min and initial credit of 10\u20ac ,you can easily create call conferencing with up to 10 People.<\/p>\n<ul>\n<li>Simply login your account on our site and enter the destination contact numbers<\/li>\n<li>Call Your mentioned assigned number<\/li>\n<li>The system will call all destinations and put you in a conference with them<\/li>\n<li>To end simply disconnect the call.<\/li>\n<li>The cost will be deducted from your Credit.<\/li>\n<\/ul>\n<p>&nbsp;<\/p>","protected":false},"excerpt":{"rendered":"<p>Create effortless conference calls for just \u20ac0.10\/min with up to 10 participants. Simply log in, enter contact numbers, and connect instantly. Charges are deducted from your account credit.<\/p>","protected":false},"featured_media":220,"comment_status":"open","ping_status":"closed","template":"","meta":{"_acf_changed":false},"product_brand":[],"product_cat":[20],"product_tag":[],"class_list":{"0":"post-156","1":"product","2":"type-product","3":"status-publish","4":"has-post-thumbnail","6":"product_cat-iptelephony","8":"first","9":"instock","10":"virtual","11":"taxable","12":"purchasable","13":"product-type-simple"},"acf":[],"_links":{"self":[{"href":"https:\/\/itsparer.de\/fr\/wp-json\/wp\/v2\/product\/156","targetHints":{"allow":["GET"]}}],"collection":[{"href":"https:\/\/itsparer.de\/fr\/wp-json\/wp\/v2\/product"}],"about":[{"href":"https:\/\/itsparer.de\/fr\/wp-json\/wp\/v2\/types\/product"}],"replies":[{"embeddable":true,"href":"https:\/\/itsparer.de\/fr\/wp-json\/wp\/v2\/comments?post=156"}],"wp:featuredmedia":[{"embeddable":true,"href":"https:\/\/itsparer.de\/fr\/wp-json\/wp\/v2\/media\/220"}],"wp:attachment":[{"href":"https:\/\/itsparer.de\/fr\/wp-json\/wp\/v2\/media?parent=156"}],"wp:term":[{"taxonomy":"product_brand","embeddable":true,"href":"https:\/\/itsparer.de\/fr\/wp-json\/wp\/v2\/product_brand?post=156"},{"taxonomy":"product_cat","embeddable":true,"href":"https:\/\/itsparer.de\/fr\/wp-json\/wp\/v2\/product_cat?post=156"},{"taxonomy":"product_tag","embeddable":true,"href":"https:\/\/itsparer.de\/fr\/wp-json\/wp\/v2\/product_tag?post=156"}],"curies":[{"name":"wp","href":"https:\/\/api.w.org\/{rel}","templated":true}]}}