{"id":171,"date":"2025-11-05T07:46:30","date_gmt":"2025-11-05T07:46:30","guid":{"rendered":"https:\/\/break.itsparer.de\/?post_type=product&#038;p=171"},"modified":"2026-03-30T10:51:22","modified_gmt":"2026-03-30T09:51:22","slug":"virtuel-dedie-6","status":"publish","type":"product","link":"https:\/\/itsparer.de\/fr\/produit\/virtuel-dedie-6\/","title":{"rendered":"Virtual Dedicated 6"},"content":{"rendered":"<div class=\"spec svelte-1gos3jy\">\n<div class=\"spec-info svelte-1gos3jy\"><span class=\"title svelte-1gos3jy\">6 c\u0153urs physiques<\/span><span class=\"subtitle svelte-1gos3jy\">AMD EPYC 7282 2,8 GHz<\/span><\/div>\n<\/div>\n<div class=\"spec svelte-1gos3jy\">\n<div class=\"spec-info svelte-1gos3jy\"><span class=\"title svelte-1gos3jy\">48 GO DE RAM<\/span><\/div>\n<\/div>\n<div class=\"spec svelte-1gos3jy\">\n<div class=\"spec-info svelte-1gos3jy\"><span class=\"title svelte-1gos3jy\">360 Go NVMe<\/span> <span class=\"title svelte-1gos3jy\"> &#8211;<\/span><span class=\"subtitle svelte-1gos3jy\">Plus d'espace de stockage disponible <a href=\"https:\/\/itsparer.de\/fr\/produit\/disque-vds-ssd\/\">Addon<\/a><\/span><\/div>\n<\/div>\n<div class=\"spec svelte-1gos3jy\">\n<div class=\"spec-info svelte-1gos3jy\"><span class=\"title svelte-1gos3jy\">750 Mbit\/s Port<\/span><\/div>\n<\/div>\n<div class=\"spec svelte-1gos3jy\">\n<div class=\"spec-info svelte-1gos3jy\"><span class=\"title svelte-1gos3jy\">32 TB Traffic*<\/span><span class=\"subtitle svelte-1gos3jy\">Illimit\u00e9 Disponible<\/span><\/div>\n<\/div>\n<div><\/div>\n<div><em>Comprend notre solution de gestion compl\u00e8te. Nous nous occupons de tout, de l'installation et de la configuration initiales \u00e0 la surveillance, la maintenance et la s\u00e9curit\u00e9 continues, en passant par les serveurs web, les syst\u00e8mes de messagerie, les VPN, les pare-feux et bien plus encore. Que vous manquiez d'expertise technique en interne ou que vous souhaitiez lib\u00e9rer votre \u00e9quipe informatique pour des t\u00e2ches \u00e0 plus forte valeur ajout\u00e9e, notre service garantit le bon fonctionnement, la s\u00e9curit\u00e9 et l'efficacit\u00e9 de votre infrastructure \u00e0 tout moment. Gr\u00e2ce \u00e0 une surveillance proactive, des mises \u00e0 jour r\u00e9guli\u00e8res et une assistance experte, vous pouvez vous concentrer sur le d\u00e9veloppement de votre entreprise pendant que nous nous occupons de la technologie qui la sous-tend.<\/em><\/div>","protected":false},"excerpt":{"rendered":"<p>6 Physical CoresAMD EPYC 7282 2.8 GHz 48 GB RAM 360 GB NVMe &#8211;More storage available as Addon 750 Mbit\/s Port 32 TB Traffic*Unlimited Available Includes our full management solution. We handle everything\u2014from initial setup and configuration to ongoing monitoring, maintenance, and security\u2014covering web servers, email systems, VPNs, firewalls, and more. Whether you lack in-house [&hellip;]<\/p>","protected":false},"featured_media":256,"comment_status":"open","ping_status":"closed","template":"","meta":{"_acf_changed":false},"product_brand":[],"product_cat":[26],"product_tag":[],"class_list":{"0":"post-171","1":"product","2":"type-product","3":"status-publish","4":"has-post-thumbnail","6":"product_cat-vds","8":"first","9":"instock","10":"featured","11":"virtual","12":"taxable","13":"purchasable","14":"product-type-simple"},"acf":[],"_links":{"self":[{"href":"https:\/\/itsparer.de\/fr\/wp-json\/wp\/v2\/product\/171","targetHints":{"allow":["GET"]}}],"collection":[{"href":"https:\/\/itsparer.de\/fr\/wp-json\/wp\/v2\/product"}],"about":[{"href":"https:\/\/itsparer.de\/fr\/wp-json\/wp\/v2\/types\/product"}],"replies":[{"embeddable":true,"href":"https:\/\/itsparer.de\/fr\/wp-json\/wp\/v2\/comments?post=171"}],"wp:featuredmedia":[{"embeddable":true,"href":"https:\/\/itsparer.de\/fr\/wp-json\/wp\/v2\/media\/256"}],"wp:attachment":[{"href":"https:\/\/itsparer.de\/fr\/wp-json\/wp\/v2\/media?parent=171"}],"wp:term":[{"taxonomy":"product_brand","embeddable":true,"href":"https:\/\/itsparer.de\/fr\/wp-json\/wp\/v2\/product_brand?post=171"},{"taxonomy":"product_cat","embeddable":true,"href":"https:\/\/itsparer.de\/fr\/wp-json\/wp\/v2\/product_cat?post=171"},{"taxonomy":"product_tag","embeddable":true,"href":"https:\/\/itsparer.de\/fr\/wp-json\/wp\/v2\/product_tag?post=171"}],"curies":[{"name":"wp","href":"https:\/\/api.w.org\/{rel}","templated":true}]}}