{"id":177,"date":"2025-11-21T13:45:39","date_gmt":"2025-11-21T13:45:39","guid":{"rendered":"https:\/\/break.itsparer.de\/?post_type=product&#038;p=177"},"modified":"2025-11-21T13:45:39","modified_gmt":"2025-11-21T13:45:39","slug":"optimisation-des-moteurs-de-recherche-seo","status":"publish","type":"product","link":"https:\/\/itsparer.de\/fr\/produit\/optimisation-des-moteurs-de-recherche-seo\/","title":{"rendered":"Optimisation pour les moteurs de recherche (SEO)"},"content":{"rendered":"<h4 class=\"_1vwisb34\"><strong>1. Optimisation du r\u00e9f\u00e9rencement sur la page<\/strong><\/h4>\n<p><span class=\"_1vwisb38\" data-testid=\"youchat-text\"><strong>Description :<\/strong><br \/>\nNous optimisons les \u00e9l\u00e9ments \"on-page\" de votre site web afin d'am\u00e9liorer le classement dans les moteurs de recherche et l'exp\u00e9rience des utilisateurs. Cela comprend :<\/span><\/p>\n<ul class=\"_1vwisb37\">\n<li class=\"f7g24p0\" translate=\"no\">Ajouter des mots-cl\u00e9s primaires au d\u00e9but des titres de page et cr\u00e9er des titres uniques pour chaque page.<\/li>\n<li class=\"f7g24p0\" translate=\"no\">R\u00e9diger des m\u00e9ta-descriptions descriptives pour augmenter les taux de clics.<\/li>\n<li class=\"f7g24p0\" translate=\"no\">Veiller \u00e0 ce que les URL soient pertinentes et riches en mots-cl\u00e9s (par ex,\u00a0<code class=\"_1vwisb3a\" translate=\"no\">pantalons pour hommes<\/code>\u00a0pour une page sur les pantalons pour hommes)\n<div class=\"_1kw22a20\"><\/div>\n<p>.<\/li>\n<\/ul>\n<hr class=\"_1ewyc7g0\" \/>\n<h4 class=\"_1vwisb34\"><strong>2. Recherche de mots-cl\u00e9s et strat\u00e9gie de contenu<\/strong><\/h4>\n<p><span class=\"_1vwisb38\" data-testid=\"youchat-text\"><strong>Description :<\/strong><br \/>\nNous menons des recherches approfondies sur les mots-cl\u00e9s afin d'identifier les termes recherch\u00e9s par votre public cible. Notre \u00e9quipe \u00e9labore ensuite une strat\u00e9gie de contenu qui :<\/span><\/p>\n<ul class=\"_1vwisb37\">\n<li class=\"f7g24p0\" translate=\"no\">Cible des mots-cl\u00e9s de grande valeur pour attirer des visiteurs pertinents.<\/li>\n<li class=\"f7g24p0\" translate=\"no\">Guide la cr\u00e9ation de billets de blog, d'articles et de descriptions de produits qui g\u00e9n\u00e8rent du trafic organique et des conversions.\n<div class=\"_1kw22a20\"><\/div>\n<p>.<\/li>\n<\/ul>\n<hr class=\"_1ewyc7g0\" \/>\n<h4 class=\"_1vwisb34\"><strong>3. R\u00e9f\u00e9rencement technique<\/strong><\/h4>\n<p><span class=\"_1vwisb38\" data-testid=\"youchat-text\"><strong>Description :<\/strong><br \/>\nNous nous occupons des aspects techniques de votre site web afin de garantir que les moteurs de recherche puissent facilement explorer et indexer votre contenu. Cela comprend :<\/span><\/p>\n<ul class=\"_1vwisb37\">\n<li class=\"f7g24p0\" translate=\"no\">Cr\u00e9ation et soumission de sitemaps XML.<\/li>\n<li class=\"f7g24p0\" translate=\"no\">Am\u00e9lioration de la vitesse du site et de la r\u00e9activit\u00e9 mobile.<\/li>\n<li class=\"f7g24p0\" translate=\"no\">Mise en \u0153uvre du balisage sch\u00e9ma pour les snippets riches, qui peuvent afficher des \u00e9valuations, des informations de contact ou des d\u00e9tails sur les \u00e9v\u00e9nements directement dans les r\u00e9sultats de recherche.<\/li>\n<\/ul>\n<hr class=\"_1ewyc7g0\" \/>\n<h4 class=\"_1vwisb34\"><strong>4. R\u00e9f\u00e9rencement local<\/strong><\/h4>\n<p><span class=\"_1vwisb38\" data-testid=\"youchat-text\"><strong>Description :<\/strong><br \/>\nPour les entreprises ciblant des clients locaux, nous optimisons votre pr\u00e9sence en ligne pour les r\u00e9sultats de recherche locaux. Cela implique :<\/span><\/p>\n<ul class=\"_1vwisb37\">\n<li class=\"f7g24p0\" translate=\"no\">Optimisation de votre profil professionnel Google et de vos listes locales.<\/li>\n<li class=\"f7g24p0\" translate=\"no\">Acqu\u00e9rir des citations locales et encourager les commentaires positifs des clients.<\/li>\n<li class=\"f7g24p0\" translate=\"no\">Cibler les mots-cl\u00e9s \u201cpr\u00e8s de chez moi\u201d et les mots-cl\u00e9s bas\u00e9s sur la localisation pour augmenter la visibilit\u00e9 dans votre r\u00e9gion\n<div class=\"_1kw22a20\"><\/div>\n<p>.<\/li>\n<\/ul>\n<hr class=\"_1ewyc7g0\" \/>\n<h4 class=\"_1vwisb34\"><strong>5. Cr\u00e9ation et optimisation du contenu<\/strong><\/h4>\n<p><span class=\"_1vwisb38\" data-testid=\"youchat-text\"><strong>Description :<\/strong><br \/>\nNous cr\u00e9ons un contenu de haute qualit\u00e9, optimis\u00e9 pour les mots-cl\u00e9s, qui r\u00e9pond aux besoins et aux difficult\u00e9s de vos clients. Notre contenu est con\u00e7u pour :<\/span><\/p>\n<ul class=\"_1vwisb37\">\n<li class=\"f7g24p0\" translate=\"no\">\u00c9duquez et engagez votre public.<\/li>\n<li class=\"f7g24p0\" translate=\"no\">D\u00e9montrez votre expertise, votre autorit\u00e9 et votre fiabilit\u00e9 (E-E-A-T).<\/li>\n<li class=\"f7g24p0\" translate=\"no\">Incorporer des avis de clients, des t\u00e9moignages et des \u00e9tudes de cas pour renforcer la cr\u00e9dibilit\u00e9.\n<div class=\"_1kw22a20\"><\/div>\n<p>.<\/li>\n<\/ul>\n<hr class=\"_1ewyc7g0\" \/>\n<h4 class=\"_1vwisb34\"><strong>6. Analyses et rapports<\/strong><\/h4>\n<p><span class=\"_1vwisb38\" data-testid=\"youchat-text\"><strong>Description :<\/strong><br \/>\nNous fournissons des rapports r\u00e9guliers sur les performances de votre site web en mati\u00e8re de r\u00e9f\u00e9rencement, y compris :<\/span><\/p>\n<ul class=\"_1vwisb37\">\n<li class=\"f7g24p0\" translate=\"no\">Classement pour les mots-cl\u00e9s cibl\u00e9s.<\/li>\n<li class=\"f7g24p0\" translate=\"no\">le trafic sur le site web et le comportement des utilisateurs.<\/li>\n<li class=\"f7g24p0\" translate=\"no\">Recommandations pour une am\u00e9lioration continue.<\/li>\n<\/ul>\n<hr class=\"_1ewyc7g0\" \/>\n<h4 class=\"_1vwisb34\"><strong>7. Audits de r\u00e9f\u00e9rencement<\/strong><\/h4>\n<p><span class=\"_1vwisb38\" data-testid=\"youchat-text\"><strong>Description :<\/strong><br \/>\nNous r\u00e9alisons des audits SEO complets afin d'identifier les forces, les faiblesses et les opportunit\u00e9s de votre site web. Cela comprend :<\/span><\/p>\n<ul class=\"_1vwisb37\">\n<li class=\"f7g24p0\" translate=\"no\">Examiner les facteurs de r\u00e9f\u00e9rencement on-page, off-page et techniques.<\/li>\n<li class=\"f7g24p0\" translate=\"no\">Fournir des recommandations exploitables en vue d'une am\u00e9lioration.<\/li>\n<\/ul>","protected":false},"excerpt":{"rendered":"<p>L'optimisation pour les moteurs de recherche (SEO) consiste \u00e0 am\u00e9liorer la visibilit\u00e9 de votre site web dans les r\u00e9sultats des moteurs de recherche afin d'attirer davantage de visiteurs et d'augmenter la qualit\u00e9 du trafic, ce qui contribue \u00e0 la croissance de votre entreprise en ligne.<\/p>","protected":false},"featured_media":205,"comment_status":"open","ping_status":"closed","template":"","meta":{"_acf_changed":false},"product_brand":[],"product_cat":[23],"product_tag":[],"class_list":{"0":"post-177","1":"product","2":"type-product","3":"status-publish","4":"has-post-thumbnail","6":"product_cat-dmndopm","8":"first","9":"instock","10":"taxable","11":"shipping-taxable","12":"purchasable","13":"product-type-variable","14":"has-default-attributes"},"acf":[],"_links":{"self":[{"href":"https:\/\/itsparer.de\/fr\/wp-json\/wp\/v2\/product\/177","targetHints":{"allow":["GET"]}}],"collection":[{"href":"https:\/\/itsparer.de\/fr\/wp-json\/wp\/v2\/product"}],"about":[{"href":"https:\/\/itsparer.de\/fr\/wp-json\/wp\/v2\/types\/product"}],"replies":[{"embeddable":true,"href":"https:\/\/itsparer.de\/fr\/wp-json\/wp\/v2\/comments?post=177"}],"wp:featuredmedia":[{"embeddable":true,"href":"https:\/\/itsparer.de\/fr\/wp-json\/wp\/v2\/media\/205"}],"wp:attachment":[{"href":"https:\/\/itsparer.de\/fr\/wp-json\/wp\/v2\/media?parent=177"}],"wp:term":[{"taxonomy":"product_brand","embeddable":true,"href":"https:\/\/itsparer.de\/fr\/wp-json\/wp\/v2\/product_brand?post=177"},{"taxonomy":"product_cat","embeddable":true,"href":"https:\/\/itsparer.de\/fr\/wp-json\/wp\/v2\/product_cat?post=177"},{"taxonomy":"product_tag","embeddable":true,"href":"https:\/\/itsparer.de\/fr\/wp-json\/wp\/v2\/product_tag?post=177"}],"curies":[{"name":"wp","href":"https:\/\/api.w.org\/{rel}","templated":true}]}}