{"id":188,"date":"2025-11-17T08:19:37","date_gmt":"2025-11-17T08:19:37","guid":{"rendered":"https:\/\/break.itsparer.de\/?post_type=product&#038;p=188"},"modified":"2025-11-17T08:19:37","modified_gmt":"2025-11-17T08:19:37","slug":"consultation-pour-laudit-soc2-ou-iso-27001","status":"publish","type":"product","link":"https:\/\/itsparer.de\/fr\/produit\/consultation-pour-laudit-soc2-ou-iso-27001\/","title":{"rendered":"Consultation sur l'audit Soc2 ou ISO 27001"},"content":{"rendered":"<p><span class=\"_1vwisb38\" data-testid=\"youchat-text\">Notre\u00a0<strong>Consultation sur l'audit SOC 2 ou ISO 27001<\/strong>\u00a0fournit des conseils d'experts et des recommandations sur mesure pour aider votre organisation \u00e0 se pr\u00e9parer aux audits SOC 2 ou ISO 27001. Ce service est strictement consultatif.<strong>aucune mise en \u0153uvre d'outils ou de travaux techniques pratiques n'est incluse<\/strong>.<\/span><span class=\"_1vwisb38\" data-testid=\"youchat-text\">Lors de la consultation, nos sp\u00e9cialistes<\/span><\/p>\n<ul class=\"_1vwisb37\">\n<li class=\"f7g24p0\" translate=\"no\">\u00c9valuez vos politiques, processus et contr\u00f4les de s\u00e9curit\u00e9 actuels par rapport aux exigences de SOC 2 ou ISO 27001.<\/li>\n<li class=\"f7g24p0\" translate=\"no\">Identifier les lacunes et les domaines \u00e0 am\u00e9liorer pour vous aider \u00e0 vous aligner sur les normes pertinentes.<\/li>\n<li class=\"f7g24p0\" translate=\"no\">Proposer des recommandations claires et r\u00e9alisables pour renforcer votre position de conformit\u00e9 et vous pr\u00e9parer \u00e0 un audit r\u00e9ussi.<\/li>\n<\/ul>\n<p><span class=\"_1vwisb38\" data-testid=\"youchat-text\">Que vous soyez novice en la mati\u00e8re ou que vous cherchiez \u00e0 am\u00e9liorer vos efforts de conformit\u00e9 actuels, notre consultation vous permet de comprendre ce qui est requis et comment aller de l'avant en toute confiance. Ce service est id\u00e9al pour les organisations en qu\u00eate de clart\u00e9 et d'orientation avant d'investir dans la pr\u00e9paration d'un audit \u00e0 grande \u00e9chelle ou dans des solutions d'automatisation.<\/span><span class=\"_1vwisb38\" data-testid=\"youchat-text\"><strong>Remarque :<\/strong>\u00a0Il s'agit d'un service de consultation et de recommandation uniquement. Aucune mise en \u0153uvre d'outils ou de changements techniques ne sera effectu\u00e9e dans le cadre de cet engagement.<\/span><\/p>","protected":false},"excerpt":{"rendered":"<p>Consultation d'experts et recommandations pour vous aider \u00e0 vous pr\u00e9parer aux audits SOC 2 ou ISO 27001 - aucune mise en \u0153uvre d'outils n'est incluse.<\/p>","protected":false},"featured_media":231,"comment_status":"open","ping_status":"closed","template":"","meta":{"_acf_changed":false},"product_brand":[],"product_cat":[19],"product_tag":[],"class_list":{"0":"post-188","1":"product","2":"type-product","3":"status-publish","4":"has-post-thumbnail","6":"product_cat-it-infra","8":"first","9":"instock","10":"virtual","11":"taxable","12":"purchasable","13":"product-type-simple"},"acf":[],"_links":{"self":[{"href":"https:\/\/itsparer.de\/fr\/wp-json\/wp\/v2\/product\/188","targetHints":{"allow":["GET"]}}],"collection":[{"href":"https:\/\/itsparer.de\/fr\/wp-json\/wp\/v2\/product"}],"about":[{"href":"https:\/\/itsparer.de\/fr\/wp-json\/wp\/v2\/types\/product"}],"replies":[{"embeddable":true,"href":"https:\/\/itsparer.de\/fr\/wp-json\/wp\/v2\/comments?post=188"}],"wp:featuredmedia":[{"embeddable":true,"href":"https:\/\/itsparer.de\/fr\/wp-json\/wp\/v2\/media\/231"}],"wp:attachment":[{"href":"https:\/\/itsparer.de\/fr\/wp-json\/wp\/v2\/media?parent=188"}],"wp:term":[{"taxonomy":"product_brand","embeddable":true,"href":"https:\/\/itsparer.de\/fr\/wp-json\/wp\/v2\/product_brand?post=188"},{"taxonomy":"product_cat","embeddable":true,"href":"https:\/\/itsparer.de\/fr\/wp-json\/wp\/v2\/product_cat?post=188"},{"taxonomy":"product_tag","embeddable":true,"href":"https:\/\/itsparer.de\/fr\/wp-json\/wp\/v2\/product_tag?post=188"}],"curies":[{"name":"wp","href":"https:\/\/api.w.org\/{rel}","templated":true}]}}