{"id":189,"date":"2025-11-17T08:19:37","date_gmt":"2025-11-17T08:19:37","guid":{"rendered":"https:\/\/break.itsparer.de\/?post_type=product&#038;p=189"},"modified":"2025-11-17T08:19:37","modified_gmt":"2025-11-17T08:19:37","slug":"outils-daudit-soc2-ou-iso-27001-et-mise-en-oeuvre-de-lautomatisation","status":"publish","type":"product","link":"https:\/\/itsparer.de\/fr\/produit\/outils-daudit-soc2-ou-iso-27001-et-mise-en-oeuvre-de-lautomatisation\/","title":{"rendered":"Outils d'audit Soc2 ou ISO 27001 et mise en \u0153uvre de l'automatisation"},"content":{"rendered":"<p><span class=\"_1vwisb38\" data-testid=\"youchat-text\">Notre\u00a0<strong>Outils d'audit SOC 2 ou ISO 27001 et mise en \u0153uvre de l'automatisation<\/strong>\u00a0service rationalise votre parcours de conformit\u00e9 en int\u00e9grant des solutions d'automatisation avanc\u00e9es adapt\u00e9es aux cadres SOC 2 et ISO 27001. Nous vous aidons \u00e0 d\u00e9ployer des outils qui\u00a0<strong>recueillir automatiquement des preuves, surveiller en permanence votre pile technologique et vous alerter en cas de menaces ou de non-conformit\u00e9s<\/strong>, la mise en place d'un syst\u00e8me de gestion de la conformit\u00e9, facilitant le maintien de la conformit\u00e9 d'une ann\u00e9e sur l'autre\u00a0<\/span><\/p>\n<p><span class=\"_1vwisb38\" data-testid=\"youchat-text\">.<\/span><span class=\"_1vwisb38\" data-testid=\"youchat-text\">Avec notre mise en \u0153uvre, vous b\u00e9n\u00e9ficiez de :<\/span><\/p>\n<ul class=\"_1vwisb37\">\n<li class=\"f7g24p0\" translate=\"no\"><strong>Collecte automatis\u00e9e de preuves :<\/strong>\u00a0R\u00e9duire les efforts manuels en utilisant des outils qui rassemblent et organisent les preuves d'audit en temps r\u00e9el, pr\u00eates \u00e0 \u00eatre partag\u00e9es en toute s\u00e9curit\u00e9 avec les auditeurs.<\/li>\n<li class=\"f7g24p0\" translate=\"no\"><strong>Contr\u00f4le continu :<\/strong>\u00a0Gardez une longueur d'avance sur les questions de conformit\u00e9 gr\u00e2ce \u00e0 des alertes automatis\u00e9es pour tout changement ou risque susceptible d'avoir un impact sur votre statut SOC 2 ou ISO 27001.<\/li>\n<li class=\"f7g24p0\" translate=\"no\"><strong>Rapports int\u00e9gr\u00e9s :<\/strong>\u00a0Simplifiez la pr\u00e9paration des audits et la conformit\u00e9 continue gr\u00e2ce \u00e0 des tableaux de bord et des rapports qui mettent en correspondance les contr\u00f4les dans les deux cadres, ce qui facilite la d\u00e9monstration de votre posture de s\u00e9curit\u00e9 aux parties prenantes et aux auditeurs.\n<div class=\"_1kw22a20\"><\/div>\n<\/li>\n<li class=\"f7g24p0\" translate=\"no\"><strong>Flux de travail personnalisables :<\/strong>\u00a0Adaptez l'automatisation aux processus uniques de votre organisation, que vous g\u00e9riez un seul cadre ou plusieurs normes de conformit\u00e9.<\/li>\n<\/ul>\n<p><span class=\"_1vwisb38\" data-testid=\"youchat-text\">Notre service garantit que votre organisation peut efficacement atteindre et maintenir la conformit\u00e9 SOC 2 ou ISO 27001, lib\u00e9rant votre \u00e9quipe pour qu'elle se concentre sur les principaux objectifs de l'entreprise tout en r\u00e9duisant le temps, le co\u00fbt et la complexit\u00e9 des audits.<\/span><\/p>","protected":false},"excerpt":{"rendered":"<p>Automatisez votre conformit\u00e9 SOC 2 ou ISO 27001 gr\u00e2ce \u00e0 des outils qui rationalisent la collecte des preuves, la surveillance continue et les rapports d'audit, rendant ainsi la certification plus rapide, plus facile et plus fiable.<\/p>","protected":false},"featured_media":230,"comment_status":"open","ping_status":"closed","template":"","meta":{"_acf_changed":false},"product_brand":[],"product_cat":[19],"product_tag":[],"class_list":{"0":"post-189","1":"product","2":"type-product","3":"status-publish","4":"has-post-thumbnail","6":"product_cat-it-infra","8":"first","9":"instock","10":"virtual","11":"taxable","12":"purchasable","13":"product-type-simple"},"acf":[],"_links":{"self":[{"href":"https:\/\/itsparer.de\/fr\/wp-json\/wp\/v2\/product\/189","targetHints":{"allow":["GET"]}}],"collection":[{"href":"https:\/\/itsparer.de\/fr\/wp-json\/wp\/v2\/product"}],"about":[{"href":"https:\/\/itsparer.de\/fr\/wp-json\/wp\/v2\/types\/product"}],"replies":[{"embeddable":true,"href":"https:\/\/itsparer.de\/fr\/wp-json\/wp\/v2\/comments?post=189"}],"wp:featuredmedia":[{"embeddable":true,"href":"https:\/\/itsparer.de\/fr\/wp-json\/wp\/v2\/media\/230"}],"wp:attachment":[{"href":"https:\/\/itsparer.de\/fr\/wp-json\/wp\/v2\/media?parent=189"}],"wp:term":[{"taxonomy":"product_brand","embeddable":true,"href":"https:\/\/itsparer.de\/fr\/wp-json\/wp\/v2\/product_brand?post=189"},{"taxonomy":"product_cat","embeddable":true,"href":"https:\/\/itsparer.de\/fr\/wp-json\/wp\/v2\/product_cat?post=189"},{"taxonomy":"product_tag","embeddable":true,"href":"https:\/\/itsparer.de\/fr\/wp-json\/wp\/v2\/product_tag?post=189"}],"curies":[{"name":"wp","href":"https:\/\/api.w.org\/{rel}","templated":true}]}}