{"id":194,"date":"2025-11-17T08:19:37","date_gmt":"2025-11-17T08:19:37","guid":{"rendered":"https:\/\/break.itsparer.de\/?post_type=product&#038;p=194"},"modified":"2025-11-17T08:19:37","modified_gmt":"2025-11-17T08:19:37","slug":"site-to-site-and-remote-user-vpn-setup","status":"publish","type":"product","link":"https:\/\/itsparer.de\/fr\/produit\/site-to-site-and-remote-user-vpn-setup\/","title":{"rendered":"Installation de VPN de site \u00e0 site et d'utilisateurs distants"},"content":{"rendered":"<p><span class=\"_1vwisb38\" data-testid=\"youchat-text\">Notre\u00a0<strong>Configuration du VPN entre sites et utilisateurs distants<\/strong>\u00a0offre une solution compl\u00e8te pour connecter en toute s\u00e9curit\u00e9 plusieurs bureaux et utilisateurs distants au r\u00e9seau priv\u00e9 de votre entreprise.<\/span><span class=\"_1vwisb38\" data-testid=\"youchat-text\"><strong>Ce qui est inclus :<\/strong><\/span><\/p>\n<ul class=\"_1vwisb37\">\n<li class=\"f7g24p0\" translate=\"no\"><strong>Configuration du VPN site \u00e0 site :<\/strong><br \/>\nNous \u00e9tablissons des tunnels s\u00e9curis\u00e9s et crypt\u00e9s entre jusqu'\u00e0\u00a0<strong>5 sites de bureaux distincts<\/strong>, Ce syst\u00e8me permet une communication transparente et un partage des ressources dans l'ensemble de l'organisation. Cette configuration garantit que chaque site fonctionne comme une partie d'un r\u00e9seau priv\u00e9 unifi\u00e9, avec des donn\u00e9es prot\u00e9g\u00e9es lorsqu'elles voyagent entre les sites.<\/p>\n<div class=\"_1kw22a20\"><\/div>\n<\/li>\n<li class=\"f7g24p0\" translate=\"no\"><strong>Acc\u00e8s VPN pour les utilisateurs distants :<\/strong><br \/>\nJusqu'\u00e0\u00a0<strong>200 utilisateurs individuels<\/strong>\u00a0peuvent se connecter en toute s\u00e9curit\u00e9 \u00e0 votre r\u00e9seau, o\u00f9 qu'ils se trouvent dans le monde. Chaque utilisateur re\u00e7oit un profil VPN d\u00e9di\u00e9, permettant un acc\u00e8s crypt\u00e9 aux ressources, applications et fichiers internes - id\u00e9al pour les travailleurs \u00e0 distance, les sous-traitants ou le personnel en d\u00e9placement.<\/p>\n<div class=\"_1kw22a20\"><\/div>\n<\/li>\n<li class=\"f7g24p0\" translate=\"no\"><strong>S\u00e9curit\u00e9 et authentification :<\/strong><br \/>\nLes VPN de site \u00e0 site et d'utilisateurs distants sont configur\u00e9s avec des protocoles de cryptage et d'authentification robustes, ce qui garantit que seuls les utilisateurs et les sites autoris\u00e9s peuvent acc\u00e9der \u00e0 votre r\u00e9seau.<\/p>\n<div class=\"_1kw22a20\"><\/div>\n<\/li>\n<li class=\"f7g24p0\" translate=\"no\"><strong>\u00c9volutivit\u00e9 :<\/strong><br \/>\nVous avez besoin de connecter plus de 5 sites ou 200 utilisateurs ? Il vous suffit de commander ce service plusieurs fois pour \u00e9tendre votre r\u00e9seau s\u00e9curis\u00e9 au fur et \u00e0 mesure de la croissance de votre entreprise.<\/li>\n<\/ul>\n<ul class=\"_1vwisb37\">\n<li class=\"f7g24p0\" translate=\"no\"><strong>Installation et assistance par des experts :<\/strong><br \/>\nNotre \u00e9quipe prend en charge l'ensemble du processus d'installation, de la configuration initiale aux tests et au d\u00e9pannage, garantissant ainsi un d\u00e9ploiement sans heurts et s\u00e9curis\u00e9 pour votre organisation.<\/li>\n<\/ul>\n<hr class=\"_1ewyc7g0\" \/>\n<h4 class=\"_1vwisb34\"><strong>Principaux avantages<\/strong><\/h4>\n<ul class=\"_1vwisb37\">\n<li class=\"f7g24p0\" translate=\"no\"><strong>R\u00e9seau unifi\u00e9 :<\/strong>\u00a0Connectez plusieurs bureaux et utilisateurs distants comme s'ils se trouvaient sur le m\u00eame r\u00e9seau local.<\/li>\n<li class=\"f7g24p0\" translate=\"no\"><strong>S\u00e9curit\u00e9 renforc\u00e9e :<\/strong>\u00a0Toutes les donn\u00e9es sont crypt\u00e9es, prot\u00e9geant ainsi les informations sensibles d'un acc\u00e8s non autoris\u00e9.<\/li>\n<li class=\"f7g24p0\" translate=\"no\"><strong>Acc\u00e8s flexible :<\/strong>\u00a0Prise en charge des connexions permanentes au site et de l'acc\u00e8s s\u00e9curis\u00e9 des utilisateurs \u00e0 distance.<\/li>\n<li class=\"f7g24p0\" translate=\"no\"><strong>Expansion facile :<\/strong>\u00a0Ajoutez des sites ou des utilisateurs \u00e0 tout moment en commandant \u00e0 nouveau le service.<\/li>\n<\/ul>\n<hr class=\"_1ewyc7g0\" \/>\n<p><span class=\"_1vwisb38\" data-testid=\"youchat-text\"><strong>Remarque :<\/strong><br \/>\nCe paquet couvre jusqu'\u00e0 5 sites ou 200 utilisateurs. Pour des d\u00e9ploiements plus importants, veuillez commander des packages suppl\u00e9mentaires selon vos besoins.<\/span><\/p>\n<hr class=\"_1ewyc7g0\" \/>\n<p><span class=\"_1vwisb38\" data-testid=\"youchat-text\">Laissez-nous vous aider \u00e0 mettre en place une solution VPN s\u00e9curis\u00e9e, \u00e9volutive et flexible, adapt\u00e9e aux besoins de votre entreprise !<\/span><\/p>","protected":false},"excerpt":{"rendered":"<p>Connectez en toute s\u00e9curit\u00e9 jusqu'\u00e0 5 sites de travail et 200 utilisateurs distants \u00e0 votre r\u00e9seau priv\u00e9 gr\u00e2ce \u00e0 notre configuration VPN site \u00e0 site et utilisateur distant, id\u00e9ale pour un acc\u00e8s transparent et crypt\u00e9 aux ressources de l'entreprise depuis n'importe o\u00f9. Pour plus de sites ou d'utilisateurs, il suffit de commander des packs suppl\u00e9mentaires.<\/p>","protected":false},"featured_media":226,"comment_status":"open","ping_status":"closed","template":"","meta":{"_acf_changed":false},"product_brand":[],"product_cat":[19],"product_tag":[],"class_list":{"0":"post-194","1":"product","2":"type-product","3":"status-publish","4":"has-post-thumbnail","6":"product_cat-it-infra","8":"first","9":"instock","10":"virtual","11":"taxable","12":"purchasable","13":"product-type-simple"},"acf":[],"_links":{"self":[{"href":"https:\/\/itsparer.de\/fr\/wp-json\/wp\/v2\/product\/194","targetHints":{"allow":["GET"]}}],"collection":[{"href":"https:\/\/itsparer.de\/fr\/wp-json\/wp\/v2\/product"}],"about":[{"href":"https:\/\/itsparer.de\/fr\/wp-json\/wp\/v2\/types\/product"}],"replies":[{"embeddable":true,"href":"https:\/\/itsparer.de\/fr\/wp-json\/wp\/v2\/comments?post=194"}],"wp:featuredmedia":[{"embeddable":true,"href":"https:\/\/itsparer.de\/fr\/wp-json\/wp\/v2\/media\/226"}],"wp:attachment":[{"href":"https:\/\/itsparer.de\/fr\/wp-json\/wp\/v2\/media?parent=194"}],"wp:term":[{"taxonomy":"product_brand","embeddable":true,"href":"https:\/\/itsparer.de\/fr\/wp-json\/wp\/v2\/product_brand?post=194"},{"taxonomy":"product_cat","embeddable":true,"href":"https:\/\/itsparer.de\/fr\/wp-json\/wp\/v2\/product_cat?post=194"},{"taxonomy":"product_tag","embeddable":true,"href":"https:\/\/itsparer.de\/fr\/wp-json\/wp\/v2\/product_tag?post=194"}],"curies":[{"name":"wp","href":"https:\/\/api.w.org\/{rel}","templated":true}]}}