{"id":569,"date":"2026-04-18T11:59:01","date_gmt":"2026-04-18T10:59:01","guid":{"rendered":"https:\/\/break.itsparer.de\/?post_type=product&#038;p=569"},"modified":"2026-04-18T11:59:01","modified_gmt":"2026-04-18T10:59:01","slug":"itsparer-ultimate-helpdesk","status":"publish","type":"product","link":"https:\/\/itsparer.de\/fr\/produit\/itsparer-ultimate-helpdesk\/","title":{"rendered":"ITSParer Ultimate HelpDesk"},"content":{"rendered":"<div class=\"_152h7oi1\">\n<div class=\"sc-b9e09122-2 XnYKg\" data-testid=\"YouChat-app\">\n<div id=\"chat-scroll-container\" class=\"sc-da31e1e3-1 dnFWZQ\">\n<div id=\"chat-history\" data-testid=\"youchat-chat-history\">\n<div class=\"p38mfy1\">\n<div class=\"p38mfy2\">\n<div class=\"p38mfy3 p38mfy4\">\n<div class=\"p38mfy6 p38mfy7\">\n<div class=\"p38mfyb p38mfyc\">\n<div class=\"_1bxvbd41\">\n<div class=\"_18demfc0\">\n<div class=\"sc-da31e1e3-5 jfuQrJ\" data-testid=\"youchat-answer-turn-0\" data-pinnedconversationturnid=\"791b81af-ac5c-4528-b50c-8a0935c3f8b0\">\n<div class=\"_1vwisb30\">\n<p><span class=\"_1vwisb38\" data-testid=\"youchat-text\"><strong>Ultimate AI Helpdesk<\/strong> est une solution d'assistance \u00e0 la client\u00e8le \u00e0 la pointe de la technologie et dot\u00e9e de toutes les fonctionnalit\u00e9s. Con\u00e7ue pour les entreprises \u00e0 la recherche d'un service client transparent, intelligent et \u00e9volutif, Ultimate AI Helpdesk s'appuie sur l'IA avanc\u00e9e pour transformer la fa\u00e7on dont vous interagissez avec vos clients.<\/span><\/p>\n<hr class=\"_1ewyc7g0\" \/>\n<h4 class=\"_1vwisb34\">Caract\u00e9ristiques principales<\/h4>\n<ul class=\"_1vwisb37\">\n<li class=\"f7g24p0\" translate=\"no\"><strong>Automatisation de l'assistance gr\u00e2ce \u00e0 l'IA :<\/strong><br \/>\nUltimate AI Helpdesk utilise une intelligence artificielle de pointe pour classer, prioriser et r\u00e9soudre automatiquement les demandes des clients. Cela permet de s'assurer que les probl\u00e8mes critiques sont trait\u00e9s rapidement, tandis que les questions courantes sont trait\u00e9es efficacement, r\u00e9duisant ainsi les temps de r\u00e9ponse et augmentant la satisfaction des clients.<\/li>\n<\/ul>\n<p>&nbsp;<\/p>\n<ul class=\"_1vwisb37\">\n<li class=\"f7g24p0\" translate=\"no\"><strong>Disponibilit\u00e9 24 heures sur 24, 7 jours sur 7 :<\/strong><br \/>\nGr\u00e2ce \u00e0 l'automatisation pilot\u00e9e par l'IA, votre service d'assistance est toujours en ligne et fournit une aide instantan\u00e9e aux clients \u00e0 toute heure. Cela signifie que votre entreprise ne perd jamais de temps et que vos clients se sentent toujours appr\u00e9ci\u00e9s<\/li>\n<\/ul>\n<p>&nbsp;<\/p>\n<ul class=\"_1vwisb37\">\n<li class=\"f7g24p0\" translate=\"no\"><strong>Int\u00e9gration multicanal :<\/strong><br \/>\nDialoguez avec vos clients o\u00f9 qu'ils se trouvent : e-mail, chat, m\u00e9dias sociaux, etc. La plateforme consolide toutes les interactions dans un tableau de bord unifi\u00e9 pour faciliter la gestion et le suivi.<\/li>\n<\/ul>\n<p>&nbsp;<\/p>\n<ul class=\"_1vwisb37\">\n<li class=\"f7g24p0\" translate=\"no\"><strong>Gestion intelligente des billets :<\/strong><br \/>\nLe syst\u00e8me achemine et escalade intelligemment les tickets en fonction de leur urgence et de leur complexit\u00e9, ce qui permet \u00e0 votre \u00e9quipe de se concentrer sur l'essentiel pendant que l'IA s'occupe des t\u00e2ches r\u00e9p\u00e9titives.<\/p>\n<div class=\"_1kw22a20\"><\/div>\n<\/li>\n<\/ul>\n<hr class=\"_1ewyc7g0\" \/>\n<h4 class=\"_1vwisb34\">H\u00e9bergement en nuage et gestion des experts<\/h4>\n<ul class=\"_1vwisb37\">\n<li class=\"f7g24p0\" translate=\"no\"><strong>Bas\u00e9 sur l'informatique en nuage et sans souci :<\/strong><br \/>\nUltimate AI Helpdesk est h\u00e9berg\u00e9 en toute s\u00e9curit\u00e9 dans le nuage, ce qui \u00e9limine le besoin d'une infrastructure sur site. Cela garantit une haute disponibilit\u00e9, une \u00e9volutivit\u00e9 et une s\u00e9curit\u00e9 solide pour vos donn\u00e9es.<\/li>\n<\/ul>\n<ul class=\"_1vwisb37\">\n<li class=\"f7g24p0\" translate=\"no\"><strong>G\u00e9r\u00e9 par des experts :<\/strong><br \/>\nNotre \u00e9quipe de professionnels de l'assistance g\u00e8re la plateforme pour vous, s'occupant des mises \u00e0 jour, de la maintenance et de l'optimisation afin que vous puissiez vous concentrer sur votre activit\u00e9.<\/li>\n<\/ul>\n<ul class=\"_1vwisb37\">\n<li class=\"f7g24p0\" translate=\"no\"><strong>Sauvegardes quotidiennes :<\/strong><br \/>\nVos donn\u00e9es sont prot\u00e9g\u00e9es par des sauvegardes quotidiennes automatis\u00e9es, ce qui vous donne la tranquillit\u00e9 d'esprit de savoir que vos interactions avec les clients et l'historique de l'assistance sont toujours s\u00fbrs et r\u00e9cup\u00e9rables.<\/li>\n<\/ul>\n<hr class=\"_1ewyc7g0\" \/>\n<\/div>\n<\/div>\n<\/div>\n<\/div>\n<\/div>\n<\/div>\n<\/div>\n<div id=\"webResultsPanelContent\" class=\"qi87at0 qi87at1 _120u3vh0 _120u3vh4 _120u3vh8 _120u3vh1 _120u3vhg\" tabindex=\"-1\" role=\"dialog\" data-open=\"true\" data-floating-ui-focusable=\"\" aria-label=\"Contexte de r\u00e9ponse suppl\u00e9mentaire\" data-eventapptitle=\"Web Results\" data-eventappname=\"web_results\" data-testid=\"youchat-web-results-panel\">\n<div class=\"_1anjmup0\">\n<div class=\"_1anjmup3\">Pour obtenir les caract\u00e9ristiques d\u00e9taill\u00e9es des produits, veuillez cliquer sur la zone correspondante :<\/div>\n<\/div>\n<div>\n<p>Assistance<\/p>\n<p>ChatBot<\/p>\n<p>Marketing<\/p>\n<p>Utilisateurs<\/p>\n<p>D\u00e9veloppeurs<\/p>\n<p>Autres caract\u00e9ristiques<\/p>\n<\/div>\n<\/div>\n<\/div>\n<\/div>\n<\/div>\n<\/div>\n<\/div>\n<\/div>\n<div class=\"_152h7oi3 _152h7oi4\">\n<div class=\"_1975xbj0 _152h7oi9 u50ta2 u50ta6\">\n<div class=\"pemrxs0\">\n<div id=\"ChatQueryBar\"><\/div>\n<\/div>\n<\/div>\n<\/div>","protected":false},"excerpt":{"rendered":"<h4 class=\"_1vwisb34\">Pourquoi choisir Ultimate AI Helpdesk ?<\/h4>\n<p><span class=\"_1vwisb38\" data-testid=\"youchat-text\">Avec Ultimate AI Helpdesk, vous disposez d'une plateforme de support puissante et \u00e9volutive qui associe les derni\u00e8res technologies d'IA \u00e0 la fiabilit\u00e9 d'une gestion experte et d'un h\u00e9bergement cloud s\u00e9curis\u00e9. Donnez du pouvoir \u00e0 votre \u00e9quipe, ravissez vos clients et pr\u00e9parez l'avenir de vos op\u00e9rations de support, le tout avec une solution compl\u00e8te.<\/span><\/p>","protected":false},"featured_media":570,"comment_status":"open","ping_status":"closed","template":"","meta":{"_acf_changed":false},"product_brand":[],"product_cat":[24],"product_tag":[],"class_list":{"0":"post-569","1":"product","2":"type-product","3":"status-publish","4":"has-post-thumbnail","6":"product_cat-readyncustomapps","8":"first","9":"instock","10":"virtual","11":"taxable","12":"purchasable","13":"product-type-simple"},"acf":[],"_links":{"self":[{"href":"https:\/\/itsparer.de\/fr\/wp-json\/wp\/v2\/product\/569","targetHints":{"allow":["GET"]}}],"collection":[{"href":"https:\/\/itsparer.de\/fr\/wp-json\/wp\/v2\/product"}],"about":[{"href":"https:\/\/itsparer.de\/fr\/wp-json\/wp\/v2\/types\/product"}],"replies":[{"embeddable":true,"href":"https:\/\/itsparer.de\/fr\/wp-json\/wp\/v2\/comments?post=569"}],"wp:featuredmedia":[{"embeddable":true,"href":"https:\/\/itsparer.de\/fr\/wp-json\/wp\/v2\/media\/570"}],"wp:attachment":[{"href":"https:\/\/itsparer.de\/fr\/wp-json\/wp\/v2\/media?parent=569"}],"wp:term":[{"taxonomy":"product_brand","embeddable":true,"href":"https:\/\/itsparer.de\/fr\/wp-json\/wp\/v2\/product_brand?post=569"},{"taxonomy":"product_cat","embeddable":true,"href":"https:\/\/itsparer.de\/fr\/wp-json\/wp\/v2\/product_cat?post=569"},{"taxonomy":"product_tag","embeddable":true,"href":"https:\/\/itsparer.de\/fr\/wp-json\/wp\/v2\/product_tag?post=569"}],"curies":[{"name":"wp","href":"https:\/\/api.w.org\/{rel}","templated":true}]}}